{"id":114,"date":"2020-07-21T21:14:11","date_gmt":"2020-07-21T18:14:11","guid":{"rendered":"http:\/\/asiaesthetic.com\/tr\/?page_id=114"},"modified":"2020-07-24T10:25:14","modified_gmt":"2020-07-24T07:25:14","slug":"botoks","status":"publish","type":"page","link":"https:\/\/asiaesthetic.com\/tr\/botoks","title":{"rendered":"Botoks"},"content":{"rendered":"\t\t<div data-elementor-type=\"wp-page\" data-elementor-id=\"114\" class=\"elementor elementor-114\" data-elementor-post-type=\"page\">\n\t\t\t\t\t\t<section class=\"elementor-section elementor-top-section elementor-element elementor-element-6542248 elementor-section-boxed elementor-section-height-default elementor-section-height-default wpr-particle-no wpr-jarallax-no wpr-parallax-no wpr-sticky-section-no mkdf-parallax-row-no mkdf-content-aligment-left mkdf-elementor-row-grid-no mkdf-disabled-bg-image-bellow-no\" data-id=\"6542248\" data-element_type=\"section\">\n\t\t\t\t\t\t<div class=\"elementor-container elementor-column-gap-default\">\n\t\t\t\t\t<div class=\"elementor-column elementor-col-100 elementor-top-column elementor-element elementor-element-08a8306\" data-id=\"08a8306\" data-element_type=\"column\">\n\t\t\t<div class=\"elementor-widget-wrap elementor-element-populated\">\n\t\t\t\t\t\t<div class=\"elementor-element elementor-element-6478841 elementor-widget elementor-widget-text-editor\" data-id=\"6478841\" data-element_type=\"widget\" data-widget_type=\"text-editor.default\">\n\t\t\t\t<div class=\"elementor-widget-container\">\n\t\t\t\t\t\t\tBotox, ilk olarak bir ila\u00e7 olarak kullan\u0131lm\u0131\u015ft\u0131r. D\u00fcnya \u00e7ap\u0131nda bir\u00e7ok hastal\u0131\u011f\u0131n tedavisinde kullan\u0131lan Botox, tesad\u00fcf eseri bir hastan\u0131n \u015fa\u015f\u0131l\u0131k tedavisinde kullan\u0131lm\u0131\u015f ve b\u00f6lgedeki \u00e7izgilerin yok oldu\u011fu fark edilmi\u015ftir. Ard\u0131ndan Botox, estetik ve g\u00fczellik alanlar\u0131nda tercih edilen bir y\u00f6ntem olmu\u015ftur. Botox; botulinum toksin i\u00e7ermekte olan bir ila\u00e7t\u0131r. Botox uygulamas\u0131 ya\u015f\u0131n da getirmi\u015f oldu\u011fu ya\u015fl\u0131l\u0131k belirtilerini, mimik \u00e7izgilerini hafifletmek veya tamamen ortadan kald\u0131rmak amac\u0131yla uygulanan y\u00f6ntemdir. Botox; mimiklere ba\u011fl\u0131 olu\u015fan b\u00fct\u00fcn \u00e7izgilerde etkilidir. \u0130\u015flem, botox form\u00fcl\u00fcn\u00fcn ince i\u011fnelerle kaslara enjekte edilmesiyle uygulanan son derece basit bir uygulamad\u0131r. Botox sinir ve kas aras\u0131ndaki ileti\u015fimi bozmaktad\u0131r. Bu sayede kas ge\u00e7ici olarak kas\u0131lmay\u0131 b\u0131rakarak kas\u0131lma y\u00fcz\u00fcnden ortaya \u00e7\u0131kan mimik \u00e7izgilerini hafifletmektedir. Botox i\u015flemi genellikle 25 ile 65 ya\u015f aras\u0131nda \u015fikayeti olan b\u00fct\u00fcn herkese yap\u0131lmaktad\u0131r. Botox uygulamas\u0131ndan 4 ile 7 g\u00fcn sonra etkisi g\u00f6r\u00fcl\u00fcrken, 10 ile 15 g\u00fcn i\u00e7inde de istenilen sonu\u00e7 al\u0131nacak ve yeni k\u0131r\u0131\u015f\u0131kl\u0131klar\u0131n \u00f6n\u00fcne ge\u00e7ilecektir.\n<h6>Botox uygulamas\u0131 kimlere uygulanmaktad\u0131r?<\/h6>\n<img decoding=\"async\" src=\"http:\/\/reaxion.website\/asia\/wp-content\/uploads\/2020\/07\/botoks-anasayfa1.png\" alt=\"\" width=\"300\" class=\"alignright size-full wp-image-234\" srcset=\"https:\/\/asiaesthetic.com\/tr\/wp-content\/uploads\/2020\/07\/botoks-anasayfa1.png 500w, https:\/\/asiaesthetic.com\/tr\/wp-content\/uploads\/2020\/07\/botoks-anasayfa1-300x268.png 300w\" sizes=\"(max-width: 500px) 100vw, 500px\" \/>Botox, k\u0131r\u0131\u015f\u0131kl\u0131klar\u0131n\u0131 ve mimikten dolay\u0131 olu\u015fan \u00e7izgilerini d\u00fczeltmek isteyen herkese uygulanabilen bir y\u00f6ntemdir. Bunun yan\u0131nda ya\u015flanma sebebi ile a\u015fa\u011f\u0131 sarkm\u0131\u015f olan a\u011f\u0131z kenarlar\u0131 ve ka\u015flar da bu y\u00f6ntem ile yukar\u0131 kald\u0131r\u0131lmakta ve cildin gerginle\u015fmesi sa\u011flanmaktad\u0131r. Bu sayede cilt son derece gen\u00e7 g\u00f6r\u00fcnecektir.\n<h6>Botox hangi b\u00f6lgelere yap\u0131l\u0131r?<\/h6>\nBotox i\u015flemine uygun olan b\u00f6lgeler; al\u0131n, \u00fcst dudak, g\u00f6z \u00e7evresi ve boyundur. Botox uygulamas\u0131n\u0131n ard\u0131ndan al\u0131ndaki \u00e7izgiler, g\u00f6z kapa\u011f\u0131ndaki k\u0131r\u0131\u015f\u0131kl\u0131klar, g\u00f6z \u00e7evresinde ki kaz ayaklar\u0131 ve boyundaki katlanmalar azalmaktad\u0131r. B\u00fct\u00fcn bunlar\u0131n yan\u0131nda Botox uygulamas\u0131 a\u015f\u0131r\u0131 terleme tedavisi i\u00e7in koltuk alt\u0131na ve avu\u00e7 i\u00e7ine uygulanabilmektedir.\n<h6>Botox i\u015flemi nas\u0131l yap\u0131l\u0131r? A\u011fr\u0131 hisseder miyim?<\/h6>\nBotox i\u015flemi \u00f6ncesinde uyu\u015fturucu krem b\u00f6lgeye s\u00fcr\u00fcl\u00fcr ve ince i\u011fneler kullan\u0131larak i\u015flem tamamlan\u0131r. Y\u00f6ntem bu \u015fekilde uyguland\u0131\u011f\u0131 takdirde ki\u015fi \u00e7ok a\u011fr\u0131 hissetmeyecektir. \u0130\u015flemin hemen ard\u0131ndan g\u00fcnl\u00fck hayat\u0131n\u0131za d\u00f6nebilir ve i\u015finize ba\u015flayabilirsiniz. \u0130lac\u0131n etkisi 4-5 g\u00fcn i\u00e7inde ortaya \u00e7\u0131kaca\u011f\u0131 i\u00e7in \u00e7evrenizdeki ki\u015filer sizin tedavi g\u00f6rd\u00fc\u011f\u00fcn\u00fcz\u00fc anlamayacaklard\u0131r.\n<h6>Botox g\u00fcvenli bir i\u015flem midir?<\/h6>\nBotolunium toksin yani botox 1980\u2019li y\u0131llardan bu yana b\u00fct\u00fcn d\u00fcnyada kullan\u0131lan bir y\u00f6ntemdir. FDA onay\u0131 ile uygulanan bir tedavi olan botox, yaln\u0131zca uyguland\u0131\u011f\u0131 kas y\u00fczeyinde etki g\u00f6stermektedir. \u00c7o\u011funlukla estetik ama\u00e7l\u0131 kullan\u0131lan botox y\u00f6ntemi a\u015f\u0131r\u0131 terlemelerin tedavisinde de uygulanmaktad\u0131r.\n<h6>Botox i\u015fleminden sonra nelere dikkat etmeliyim?<\/h6>\nBotox sonras\u0131nda hastalardan en az 4 saat kadar y\u00fcz\u00fcst\u00fc yatmamalar\u0131 istenmektedir. Olabilecek olan \u015fi\u015fliklerin hafiflemesi ad\u0131na y\u00fcksek bir yast\u0131kta hastalar\u0131n s\u0131rt \u00fcst\u00fc yatmalar\u0131 gerekecektir. Enfeksiyon kapma riski d\u00fc\u015f\u00fcn\u00fclerek ki\u015filer birka\u00e7 g\u00fcn s\u00fcresince havuza girmemeli ve makyaj yapmamal\u0131d\u0131rlar.\t\t\t\t\t\t<\/div>\n\t\t\t\t<\/div>\n\t\t\t\t\t<\/div>\n\t\t<\/div>\n\t\t\t\t\t<\/div>\n\t\t<\/section>\n\t\t\t\t<\/div>\n\t\t","protected":false},"excerpt":{"rendered":"<p>Botox, ilk olarak bir ila\u00e7 olarak kullan\u0131lm\u0131\u015ft\u0131r. D\u00fcnya \u00e7ap\u0131nda bir\u00e7ok hastal\u0131\u011f\u0131n tedavisinde kullan\u0131lan Botox, tesad\u00fcf eseri bir hastan\u0131n \u015fa\u015f\u0131l\u0131k tedavisinde kullan\u0131lm\u0131\u015f ve b\u00f6lgedeki \u00e7izgilerin yok oldu\u011fu fark edilmi\u015ftir. Ard\u0131ndan Botox, estetik ve g\u00fczellik alanlar\u0131nda tercih edilen bir y\u00f6ntem olmu\u015ftur. Botox; [&hellip;]<\/p>\n","protected":false},"author":1,"featured_media":0,"parent":0,"menu_order":0,"comment_status":"closed","ping_status":"closed","template":"","meta":{"footnotes":""},"_links":{"self":[{"href":"https:\/\/asiaesthetic.com\/tr\/wp-json\/wp\/v2\/pages\/114"}],"collection":[{"href":"https:\/\/asiaesthetic.com\/tr\/wp-json\/wp\/v2\/pages"}],"about":[{"href":"https:\/\/asiaesthetic.com\/tr\/wp-json\/wp\/v2\/types\/page"}],"author":[{"embeddable":true,"href":"https:\/\/asiaesthetic.com\/tr\/wp-json\/wp\/v2\/users\/1"}],"replies":[{"embeddable":true,"href":"https:\/\/asiaesthetic.com\/tr\/wp-json\/wp\/v2\/comments?post=114"}],"version-history":[{"count":5,"href":"https:\/\/asiaesthetic.com\/tr\/wp-json\/wp\/v2\/pages\/114\/revisions"}],"predecessor-version":[{"id":390,"href":"https:\/\/asiaesthetic.com\/tr\/wp-json\/wp\/v2\/pages\/114\/revisions\/390"}],"wp:attachment":[{"href":"https:\/\/asiaesthetic.com\/tr\/wp-json\/wp\/v2\/media?parent=114"}],"curies":[{"name":"wp","href":"https:\/\/api.w.org\/{rel}","templated":true}]}}