{"id":115,"date":"2020-07-21T21:14:17","date_gmt":"2020-07-21T18:14:17","guid":{"rendered":"http:\/\/asiaesthetic.com\/tr\/?page_id=115"},"modified":"2020-07-24T10:29:30","modified_gmt":"2020-07-24T07:29:30","slug":"dolgu","status":"publish","type":"page","link":"https:\/\/asiaesthetic.com\/tr\/dolgu","title":{"rendered":"Dolgu"},"content":{"rendered":"\t\t<div data-elementor-type=\"wp-page\" data-elementor-id=\"115\" class=\"elementor elementor-115\" data-elementor-post-type=\"page\">\n\t\t\t\t\t\t<section class=\"elementor-section elementor-top-section elementor-element elementor-element-6542248 elementor-section-boxed elementor-section-height-default elementor-section-height-default wpr-particle-no wpr-jarallax-no wpr-parallax-no wpr-sticky-section-no mkdf-parallax-row-no mkdf-content-aligment-left mkdf-elementor-row-grid-no mkdf-disabled-bg-image-bellow-no\" data-id=\"6542248\" data-element_type=\"section\">\n\t\t\t\t\t\t<div class=\"elementor-container elementor-column-gap-default\">\n\t\t\t\t\t<div class=\"elementor-column elementor-col-100 elementor-top-column elementor-element elementor-element-08a8306\" data-id=\"08a8306\" data-element_type=\"column\">\n\t\t\t<div class=\"elementor-widget-wrap elementor-element-populated\">\n\t\t\t\t\t\t<div class=\"elementor-element elementor-element-6478841 elementor-widget elementor-widget-text-editor\" data-id=\"6478841\" data-element_type=\"widget\" data-widget_type=\"text-editor.default\">\n\t\t\t\t<div class=\"elementor-widget-container\">\n\t\t\t\t\t\t\t<div class=\"mkdf-content\"><div class=\"mkdf-content-inner\"><div class=\"mkdf-full-width\"><div class=\"mkdf-full-width-inner\"><div class=\"mkdf-grid-row\"><div class=\"mkdf-page-content-holder mkdf-grid-col-12\"><div class=\"mkdf-row-grid-section-wrapper \"><div class=\"mkdf-row-grid-section\"><div class=\"vc_row wpb_row vc_row-fluid vc_custom_1561193720855\"><div class=\"wpb_column vc_column_container vc_col-sm-12\"><div class=\"vc_column-inner\"><div class=\"wpb_wrapper\"><div class=\"wpb_text_column wpb_content_element \"><div class=\"wpb_wrapper\"><div class=\"container vc_container \"><div class=\"vc_row wpb_row vc_row-fluid\"><div class=\"wpb_column vc_column_container vc_col-sm-12\"><div class=\"vc_column-inner \"><div class=\"wpb_wrapper\"><div class=\"wpb_text_column wpb_content_element \"><div class=\"wpb_wrapper\"><p>Y\u00fcz dolgusu; dolgu maddelerinin deri alt\u0131na enjekte edilerek yap\u0131ld\u0131\u011f\u0131 ameliyats\u0131z estetik uygulamalar\u0131ndand\u0131r. Bu dolgu sayesinde cilt derinizdeki ince ve derin k\u0131r\u0131\u015f\u0131kl\u0131klar giderilir, yara izleri tedavi edilir, ince dudaklar\u0131n\u0131z kal\u0131nla\u015ft\u0131r\u0131l\u0131r, cildinizdeki \u00e7ukurlar yok edilir, yanaklar\u0131n\u0131za dolgunluk verilir. Y\u00fcze dolgu esteti\u011fi sayesinde y\u00fcz\u00fcn\u00fczdeki yorgun ifadeler giderilir. Y\u00fcz dolgusu sayesinde ameliyats\u0131z bir \u015fekilde \u00e7ok k\u0131sa bir s\u00fcrede daha gen\u00e7 bir g\u00f6r\u00fcn\u00fcme kavu\u015fmak ve k\u0131r\u0131\u015f\u0131kl\u0131klardan kurtulmak m\u00fcmk\u00fcnd\u00fcr. Dolgu yap\u0131lmadan \u00f6nce ilk olarak tedavinin en do\u011fru bi\u00e7imde yap\u0131labilmesi ad\u0131na genel sa\u011fl\u0131k durumunuz de\u011ferlendirilmektedir. B\u00fct\u00fcn planlamalar yap\u0131ld\u0131ktan sonra y\u00fcz\u00fcn\u00fczdeki i\u015flem yapaca\u011f\u0131m\u0131z b\u00f6lgelerin i\u015faretlemesini yap\u0131yoruz. \u00c7o\u011fu dolgu \u00fcr\u00fcn\u00fcn\u00fcn i\u00e7eri\u011finde i\u015flemin daha rahat ger\u00e7ekle\u015ftirilebilmesi ad\u0131na lokal anestezi bulunmaktad\u0131r. Yap\u0131lan bu dolgu i\u015flemi yakla\u015f\u0131k olarak 15 dakika s\u00fcrmektedir. Uygulaman\u0131n sonucunu ise o anda almak m\u00fcmk\u00fcnd\u00fcr. \u0130\u015flemin ard\u0131ndan y\u00fcz kaslar\u0131n\u0131zda herhangi bir minik kayb\u0131 ya\u015fanmayacakt\u0131r. \u00c7\u00fcnk\u00fc dolgu i\u015flemi v\u00fccut dostu bir i\u015flemdir ve yan etki g\u00f6r\u00fclmemektedir.<\/p><h6>Y\u00fcz dolgusu y\u00f6ntemi nas\u0131l etki g\u00f6stermektedir?<\/h6><p><img fetchpriority=\"high\" decoding=\"async\" class=\"alignright size-full wp-image-391\" src=\"http:\/\/reaxion.website\/asia\/wp-content\/uploads\/2020\/07\/dolgu-1.png\" alt=\"\" width=\"300\" height=\"268\" \/>Y\u00fcz dolgusu maddesi ba\u015fl\u0131ca etkisini enjekte edildi\u011fi alanda ki hacim art\u0131\u015f\u0131yla ve \u00fczerindeki derinin yukar\u0131 kalkarak gerilmesiyle g\u00f6stermektedir. Bu sayede \u00e7\u00f6k\u00fck veya \u00e7ukur alanlar\u0131n \u00e7evreleri ile olan seviye fark\u0131 azalmaktad\u0131r.<\/p><h6>Y\u00fczdeki dolgu uygulamas\u0131 nas\u0131l uygulanmaktad\u0131r?<\/h6><p>Y\u00fcz i\u00e7in dolgu maddeleri uygulanacak olan b\u00f6lgeye ince bir i\u011fne yard\u0131m\u0131 ile az miktarda enjekte edilmektedir. Dolgu enjeksiyonunun i\u015flem s\u00fcresi yakla\u015f\u0131k olarak 20-30 dakika s\u00fcrmektedir. \u0130\u015flemin sonucu ise uygulama sonunda an\u0131nda g\u00f6r\u00fclebilmektedir. \u0130\u015flemin ard\u0131ndan g\u00fcnl\u00fck aktivitelerinize geri d\u00f6nebilirsiniz.<\/p><h6>Dolgu enjeksiyonu i\u015flemi an\u0131nda a\u011fr\u0131 hisseder miyim?<\/h6><p>Y\u00fcze dolgu i\u015flemi olduk\u00e7a k\u0131sa s\u00fcreli ve fazlas\u0131yla konforlu bir i\u015flemdir. \u0130\u015flem esnas\u0131nda \u00e7ok ince u\u00e7lara sahip i\u011fneler kullan\u0131ld\u0131\u011f\u0131 i\u00e7in ac\u0131 hissetmezsiniz. Yine de a\u011fr\u0131 duyarsan\u0131z a\u011fr\u0131 kesici kremler ve buz uygulamalar\u0131 yap\u0131lmaktad\u0131r. Gerekti\u011finde sinir uyu\u015fturma teknikleri de uygulanmaktad\u0131r. Ayr\u0131ca kullan\u0131lan dolgu enjeksiyonunun i\u00e7erisinde a\u011fr\u0131 kesici \u00fcr\u00fcnde yer almaktad\u0131r.<\/p><h6>Y\u00fcz dolgusu ile beraber ba\u015fka estetiksiz i\u015flemler de yapt\u0131rabilir miyim?<\/h6><p>Y\u00fcz dolgusu ile beraber ba\u015fka estetiksiz i\u015flemlerin bir arada yap\u0131lmas\u0131nda hi\u00e7bir sak\u0131nca g\u00f6r\u00fclmemektedir. Hatta \u00e7o\u011fu zaman bu uygulamalar daha iyi sonu\u00e7lar al\u0131nabilmesi ad\u0131na beraber yap\u0131lmaktad\u0131r. \u00d6rne\u011fin; g\u00f6z alt\u0131, yanak dolgusu ve ka\u015f aras\u0131 ile beraber ka\u015f aras\u0131, al\u0131n ve g\u00f6z \u00e7evresine uygulanacak olan bir botox sayesinde \u00e7ok daha ba\u015far\u0131l\u0131 estetik sonu\u00e7lar elde edilecektir. Size en uygun y\u00f6ntemin belirlenmesini ise yine sizinle yap\u0131lacak olan g\u00f6r\u00fc\u015fmelerde talepleriniz dinlenerek karar verilmektedir.<\/p><\/div><\/div><\/div><\/div><\/div><\/div><\/div><\/div><\/div><\/div><\/div><\/div><\/div><\/div><\/div><\/div><\/div><\/div><\/div><\/div><\/div>\t\t\t\t\t\t<\/div>\n\t\t\t\t<\/div>\n\t\t\t\t\t<\/div>\n\t\t<\/div>\n\t\t\t\t\t<\/div>\n\t\t<\/section>\n\t\t\t\t<\/div>\n\t\t","protected":false},"excerpt":{"rendered":"<p>Y\u00fcz dolgusu; dolgu maddelerinin deri alt\u0131na enjekte edilerek yap\u0131ld\u0131\u011f\u0131 ameliyats\u0131z estetik uygulamalar\u0131ndand\u0131r. Bu dolgu sayesinde cilt derinizdeki ince ve derin k\u0131r\u0131\u015f\u0131kl\u0131klar giderilir, yara izleri tedavi edilir, ince dudaklar\u0131n\u0131z kal\u0131nla\u015ft\u0131r\u0131l\u0131r, cildinizdeki \u00e7ukurlar yok edilir, yanaklar\u0131n\u0131za dolgunluk verilir. Y\u00fcze dolgu esteti\u011fi sayesinde [&hellip;]<\/p>\n","protected":false},"author":1,"featured_media":0,"parent":0,"menu_order":0,"comment_status":"closed","ping_status":"closed","template":"","meta":{"footnotes":""},"_links":{"self":[{"href":"https:\/\/asiaesthetic.com\/tr\/wp-json\/wp\/v2\/pages\/115"}],"collection":[{"href":"https:\/\/asiaesthetic.com\/tr\/wp-json\/wp\/v2\/pages"}],"about":[{"href":"https:\/\/asiaesthetic.com\/tr\/wp-json\/wp\/v2\/types\/page"}],"author":[{"embeddable":true,"href":"https:\/\/asiaesthetic.com\/tr\/wp-json\/wp\/v2\/users\/1"}],"replies":[{"embeddable":true,"href":"https:\/\/asiaesthetic.com\/tr\/wp-json\/wp\/v2\/comments?post=115"}],"version-history":[{"count":4,"href":"https:\/\/asiaesthetic.com\/tr\/wp-json\/wp\/v2\/pages\/115\/revisions"}],"predecessor-version":[{"id":395,"href":"https:\/\/asiaesthetic.com\/tr\/wp-json\/wp\/v2\/pages\/115\/revisions\/395"}],"wp:attachment":[{"href":"https:\/\/asiaesthetic.com\/tr\/wp-json\/wp\/v2\/media?parent=115"}],"curies":[{"name":"wp","href":"https:\/\/api.w.org\/{rel}","templated":true}]}}