{"id":116,"date":"2020-07-21T21:14:27","date_gmt":"2020-07-21T18:14:27","guid":{"rendered":"http:\/\/asiaesthetic.com\/tr\/?page_id=116"},"modified":"2020-07-24T10:29:32","modified_gmt":"2020-07-24T07:29:32","slug":"ameliyatsiz-yuz-germe","status":"publish","type":"page","link":"https:\/\/asiaesthetic.com\/tr\/ameliyatsiz-yuz-germe","title":{"rendered":"Ameliyats\u0131z Y\u00fcz Germe"},"content":{"rendered":"\t\t<div data-elementor-type=\"wp-page\" data-elementor-id=\"116\" class=\"elementor elementor-116\" data-elementor-post-type=\"page\">\n\t\t\t\t\t\t<section class=\"elementor-section elementor-top-section elementor-element elementor-element-6542248 elementor-section-boxed elementor-section-height-default elementor-section-height-default wpr-particle-no wpr-jarallax-no wpr-parallax-no wpr-sticky-section-no mkdf-parallax-row-no mkdf-content-aligment-left mkdf-elementor-row-grid-no mkdf-disabled-bg-image-bellow-no\" data-id=\"6542248\" data-element_type=\"section\">\n\t\t\t\t\t\t<div class=\"elementor-container elementor-column-gap-default\">\n\t\t\t\t\t<div class=\"elementor-column elementor-col-100 elementor-top-column elementor-element elementor-element-08a8306\" data-id=\"08a8306\" data-element_type=\"column\">\n\t\t\t<div class=\"elementor-widget-wrap elementor-element-populated\">\n\t\t\t\t\t\t<div class=\"elementor-element elementor-element-6478841 elementor-widget elementor-widget-text-editor\" data-id=\"6478841\" data-element_type=\"widget\" data-widget_type=\"text-editor.default\">\n\t\t\t\t<div class=\"elementor-widget-container\">\n\t\t\t\t\t\t\t<p>Y\u00fcz\u00fcn\u00fcz\u00fcn ya\u015flanmas\u0131nda do\u011fal durumun ve al\u0131\u015fkanl\u0131klar\u0131n etkisi \u00e7ok fazlad\u0131r. Sivilceler, yaralanmalar, g\u00fcne\u015f \u0131\u015f\u0131nlar\u0131, ya\u015f\u0131n ilerlemesi do\u011fal etkiler aras\u0131nda say\u0131l\u0131rken, i\u00e7ki ve sigara kullan\u0131m\u0131 ise al\u0131\u015fkanl\u0131k s\u0131n\u0131f\u0131 i\u00e7erisinde yer almaktad\u0131r. Sigaran\u0131n damarlar\u0131 daraltma etkisi oldu\u011fu i\u00e7inde y\u00fcz\u00fcn\u00fczde tahri\u015f ve belirgin kurumalar g\u00f6r\u00fcl\u00fcr, bu da ya\u015fl\u0131l\u0131k belirtilerinin artmas\u0131na etki eder. Ameliyats\u0131z y\u00fcz germe i\u015flemi cerrahi bir i\u015flem yap\u0131lmadan y\u00fczdeki sarkmalar\u0131 ve k\u0131r\u0131\u015f\u0131kl\u0131klar\u0131 gideren bir y\u00f6ntemdir. Ameliyats\u0131z y\u00fcz germe i\u015fleminde herhangi bir cerrahi m\u00fcdahale olmad\u0131\u011f\u0131, deri alt\u0131na herhangi bir madde enjekte edilmedi\u011fi ve kimyasal bir i\u015flem olmad\u0131\u011f\u0131 i\u00e7in hi\u00e7bir risk ta\u015f\u0131mamaktad\u0131r. Bu i\u015flemin en \u00f6nemli \u00f6zelli\u011fi \u00f6\u011fle aras\u0131nda bile 10-20 dakikal\u0131k k\u0131sa bir s\u00fcrede ger\u00e7ekle\u015ftirilebiliyor ve an\u0131nda sonu\u00e7 al\u0131nabiliniyor olmas\u0131d\u0131r. \u0130\u015flemin ard\u0131ndan da ameliyatlarda ya\u015fanan \u015fi\u015flik, morluk, i\u015f g\u00fcc\u00fc kayb\u0131 ve ciltte iz kalma gibi durumlar kesinlikle ya\u015fanmamaktad\u0131r.<\/p><h6>Ameliyats\u0131z y\u00fcz germe i\u015flemi herkese uygulanabilen bir i\u015flem midir?<\/h6><p><img fetchpriority=\"high\" decoding=\"async\" class=\"alignright size-full wp-image-392\" src=\"http:\/\/reaxion.website\/asia\/wp-content\/uploads\/2020\/07\/ameliyatsiz-yuz-germe-1.png\" alt=\"\" width=\"300\" height=\"268\" \/>Ameliyats\u0131z y\u00fcz germe i\u015flemi herkese uygulanabilen bir i\u015flem de\u011fildir. \u00d6ncelikle ki\u015finin ya\u015flanma s\u00fcrecinin hangi a\u015famada oldu\u011funa bak\u0131lmaktad\u0131r. Y\u00fcz\u00fcndeki ya\u015flanma izlerinin tamam\u0131 oturmu\u015f bir ki\u015fide bu y\u00f6ntem ba\u015far\u0131l\u0131 olmayacakt\u0131r. B\u00f6yle hastalara y\u00fcz germe ameliyat\u0131 yapmak daha do\u011fru olacakt\u0131r. Ameliyats\u0131z y\u00fcz germe i\u015flemi yaln\u0131zca cildin yer \u00e7ekimine ba\u011fl\u0131 olarak a\u015fa\u011f\u0131ya inmesi \u015feklinde g\u00f6r\u00fclen ve cilt alt\u0131na konulan iplikler sayesinde yukar\u0131 ta\u015f\u0131nmas\u0131 ile kolayca d\u00fczeltilebilecek hastalara uygulanabilmektedir. Yani bu durum genellikle 35 ile 45 ya\u015f aras\u0131ndaki hastalar\u0131 kapsamaktad\u0131r. Ameliyats\u0131z y\u00fcz germe i\u015fleminde kad\u0131n ve erkek gibi cinsiyet ayr\u0131m\u0131 yap\u0131lmamaktad\u0131r.<\/p><h6>Ameliyats\u0131z y\u00fcz germe i\u015flemi hangi b\u00f6lgelere uygulanabilir ve hangi \u015fikayetler giderilebilir?<\/h6><p>Ameliyats\u0131z y\u00fcz germe i\u015flemi en \u00e7ok y\u00fcz ve boyun b\u00f6lgelerine uygulanmaktad\u0131r. \u00c7ene b\u00f6lgenizde gev\u015feklik ve sarkma, \u00e7ene \u00e7izgisi kayb\u0131, a\u011f\u0131z k\u00f6\u015felerinin d\u00f6nmesi, yanak sarkmas\u0131, boyun ve g\u00f6z \u00e7evresinde sarkm\u0131\u015f cilt ve ka\u015flarda d\u00fc\u015f\u00fckl\u00fck gibi \u015fikayetleriniz ameliyats\u0131z y\u00fcz germe ile giderilebilmektedir.<\/p><h6>Ameliyats\u0131z y\u00fcz germe i\u015fleminden \u00f6nce nelere dikkat edilmesi gerekmektedir?<\/h6><p>\u0130\u015flemden \u00f6nce hastan\u0131n genel sa\u011fl\u0131k durumunun kontrol edilerek bu i\u015fleme ba\u015flanm\u0131\u015f olmas\u0131 yeterli olacakt\u0131r.<\/p><h6>Ameliyats\u0131z y\u00fcz germe i\u015flemi ne kadar s\u00fcrmektedir? Sonras\u0131nda neler ya\u015far\u0131m?<\/h6><p>Ameliyats\u0131z y\u00fcz germe i\u015flemi 10-20 dakika kadar s\u00fcren bir i\u015flemdir. Oyalay\u0131c\u0131 bir durum s\u00f6z konusu olmad\u0131\u011f\u0131 gibi \u00f6\u011fle aralar\u0131nda bile ger\u00e7ekle\u015ftirilebilecek bir uygulamad\u0131r. \u0130\u015flemin ger\u00e7ekle\u015fti\u011fi g\u00fcn du\u015funuzu alabilir ve i\u015finize gidebilirsiniz. \u0130\u015flemin ard\u0131ndan da hemen sonu\u00e7 alabilece\u011finiz gibi g\u00fcnl\u00fck ya\u015fant\u0131n\u0131za da devam edebilirsiniz.<\/p><h6>Ameliyats\u0131z y\u00fcz germe i\u015fleminin etkisi ne kadar s\u00fcrer?<\/h6><p>Ameliyats\u0131z y\u00fcz germe i\u015fleminin etkisi uygulaman\u0131n ard\u0131ndan hemen etkisini g\u00f6sterecektir. Ameliyats\u0131z y\u00fcz germe i\u015fleminin ard\u0131ndan rejenerasyon s\u00fcreci ba\u015flayacakt\u0131r. Bu s\u00fcre\u00e7te hafif gerilmeler ya\u015fanmaktad\u0131r. \u0130\u015flem uyguland\u0131ktan sonra her g\u00fcn gerilmeler ve s\u0131k\u0131la\u015fmalar g\u00f6r\u00fclmeye devam edilecektir. 1-2 g\u00fcn sonra daha g\u00fczel sonu\u00e7lar al\u0131nacakt\u0131r ve germe i\u015fleminin etkisi daha iyi hissedilecektir. Ameliyats\u0131z y\u00fcz germe i\u015fleminin etkisi 2 ile 4 y\u0131l kadar s\u00fcrmektedir.<\/p>\t\t\t\t\t\t<\/div>\n\t\t\t\t<\/div>\n\t\t\t\t\t<\/div>\n\t\t<\/div>\n\t\t\t\t\t<\/div>\n\t\t<\/section>\n\t\t\t\t<\/div>\n\t\t","protected":false},"excerpt":{"rendered":"<p>Y\u00fcz\u00fcn\u00fcz\u00fcn ya\u015flanmas\u0131nda do\u011fal durumun ve al\u0131\u015fkanl\u0131klar\u0131n etkisi \u00e7ok fazlad\u0131r. Sivilceler, yaralanmalar, g\u00fcne\u015f \u0131\u015f\u0131nlar\u0131, ya\u015f\u0131n ilerlemesi do\u011fal etkiler aras\u0131nda say\u0131l\u0131rken, i\u00e7ki ve sigara kullan\u0131m\u0131 ise al\u0131\u015fkanl\u0131k s\u0131n\u0131f\u0131 i\u00e7erisinde yer almaktad\u0131r. Sigaran\u0131n damarlar\u0131 daraltma etkisi oldu\u011fu i\u00e7inde y\u00fcz\u00fcn\u00fczde tahri\u015f ve belirgin kurumalar [&hellip;]<\/p>\n","protected":false},"author":1,"featured_media":0,"parent":0,"menu_order":0,"comment_status":"closed","ping_status":"closed","template":"","meta":{"footnotes":""},"_links":{"self":[{"href":"https:\/\/asiaesthetic.com\/tr\/wp-json\/wp\/v2\/pages\/116"}],"collection":[{"href":"https:\/\/asiaesthetic.com\/tr\/wp-json\/wp\/v2\/pages"}],"about":[{"href":"https:\/\/asiaesthetic.com\/tr\/wp-json\/wp\/v2\/types\/page"}],"author":[{"embeddable":true,"href":"https:\/\/asiaesthetic.com\/tr\/wp-json\/wp\/v2\/users\/1"}],"replies":[{"embeddable":true,"href":"https:\/\/asiaesthetic.com\/tr\/wp-json\/wp\/v2\/comments?post=116"}],"version-history":[{"count":4,"href":"https:\/\/asiaesthetic.com\/tr\/wp-json\/wp\/v2\/pages\/116\/revisions"}],"predecessor-version":[{"id":396,"href":"https:\/\/asiaesthetic.com\/tr\/wp-json\/wp\/v2\/pages\/116\/revisions\/396"}],"wp:attachment":[{"href":"https:\/\/asiaesthetic.com\/tr\/wp-json\/wp\/v2\/media?parent=116"}],"curies":[{"name":"wp","href":"https:\/\/api.w.org\/{rel}","templated":true}]}}