{"id":136,"date":"2020-07-21T21:23:10","date_gmt":"2020-07-21T18:23:10","guid":{"rendered":"http:\/\/asiaesthetic.com\/tr\/?page_id=136"},"modified":"2020-07-24T09:51:31","modified_gmt":"2020-07-24T06:51:31","slug":"tirassiz-sac-ekimi","status":"publish","type":"page","link":"https:\/\/asiaesthetic.com\/tr\/tirassiz-sac-ekimi","title":{"rendered":"T\u0131ra\u015fs\u0131z Sa\u00e7 Ekimi"},"content":{"rendered":"\t\t<div data-elementor-type=\"wp-page\" data-elementor-id=\"136\" class=\"elementor elementor-136\" data-elementor-post-type=\"page\">\n\t\t\t\t\t\t<section class=\"elementor-section elementor-top-section elementor-element elementor-element-6542248 elementor-section-boxed elementor-section-height-default elementor-section-height-default wpr-particle-no wpr-jarallax-no wpr-parallax-no wpr-sticky-section-no mkdf-parallax-row-no mkdf-content-aligment-left mkdf-elementor-row-grid-no mkdf-disabled-bg-image-bellow-no\" data-id=\"6542248\" data-element_type=\"section\">\n\t\t\t\t\t\t<div class=\"elementor-container elementor-column-gap-default\">\n\t\t\t\t\t<div class=\"elementor-column elementor-col-100 elementor-top-column elementor-element elementor-element-08a8306\" data-id=\"08a8306\" data-element_type=\"column\">\n\t\t\t<div class=\"elementor-widget-wrap elementor-element-populated\">\n\t\t\t\t\t\t<div class=\"elementor-element elementor-element-6478841 elementor-widget elementor-widget-text-editor\" data-id=\"6478841\" data-element_type=\"widget\" data-widget_type=\"text-editor.default\">\n\t\t\t\t<div class=\"elementor-widget-container\">\n\t\t\t\t\t\t\t<p><img decoding=\"async\" class=\"alignright size-full wp-image-313\" src=\"http:\/\/reaxion.website\/asia\/wp-content\/uploads\/2020\/07\/tirassiz-sac-ekimi-anasayfa1.png\" alt=\"\" width=\"300\" srcset=\"https:\/\/asiaesthetic.com\/tr\/wp-content\/uploads\/2020\/07\/tirassiz-sac-ekimi-anasayfa1.png 500w, https:\/\/asiaesthetic.com\/tr\/wp-content\/uploads\/2020\/07\/tirassiz-sac-ekimi-anasayfa1-300x268.png 300w\" sizes=\"(max-width: 500px) 100vw, 500px\" \/>Estetik operasyonlarda, erkekler en \u00e7ok \u2018Sa\u00e7 Ekimi\u2019 ni tercih etmektedirler. Sa\u00e7 ekiminde sa\u00e7lar\u0131n kaz\u0131t\u0131lmas\u0131na gerek duyulmayan bir t\u00fcr olan t\u0131ra\u015fs\u0131z Fue operasyonu da yap\u0131labilinir.<\/p><p>\u00d6zellikle \u00f6n k\u00f6rfez denilen tepelerin a\u00e7\u0131k oldu\u011fu durumlarda sa\u00e7lar\u0131n tamam\u0131n\u0131 t\u0131ra\u015f etmeye gerek yoktur. Seyrelmelerin oldu\u011fu veya sa\u00e7lar\u0131n aralar\u0131na rahatl\u0131kla girilebilen durumlarda ki\u015fiyi, t\u0131ra\u015f etmeden fue sa\u00e7 ekimi uygulanabilmektedir.<\/p><p>Erkeklerin tercih etti\u011fi sa\u00e7 ekim y\u00f6ntemleri biride t\u0131ra\u015fs\u0131z sa\u00e7 ekimidir. T\u0131ra\u015fl\u0131 Sa\u00e7 ekiminde sa\u00e7lar bir numaraya vurulmak zorundad\u0131r. \u00c7\u00fcnk\u00fc tepe b\u00f6lgesi tamamen bo\u015f, ortalama 3000-5000 aras\u0131 greft yani k\u00f6k ihtiyac\u0131 olan yo\u011fun sa\u00e7 ekimlerinde tra\u015fl\u0131 FUE yap\u0131lmal\u0131d\u0131r. T\u0131ra\u015fs\u0131z FUE y\u00f6ntemi ekim alan\u0131 k\u00fc\u00e7\u00fck, aralara ekim yap\u0131labilecek seyreklik g\u00f6steren alanlara uygulan\u0131r. Erkekler oldu\u011fu kadar kad\u0131nlar da bu y\u00f6ntemi tercih ederler.<\/p><p>T\u0131ra\u015fs\u0131z FUE y\u00f6ntemi di\u011fer sa\u00e7 ekimi y\u00f6ntemleri ile ayn\u0131 s\u00fcreci takip eder. Doktorun tavsiyelerine uymak \u00f6nemlidir. \u0130lk 3 ayl\u0131k s\u00fcre\u00e7te sa\u00e7lar uzamaya ba\u015flar. 6. ay ve sonras\u0131nda uzama, art\u0131\u015f kazan\u0131r. 1. Y\u0131l\u0131n sonunda da as\u0131l sonu\u00e7 kendini g\u00f6stermeye ba\u015flar. Ekilen ve uzayan sa\u00e7lar s\u00fcre\u00e7 sonras\u0131nda istenildi\u011fi gibi \u015fekil verilebilinir.<\/p>\t\t\t\t\t\t<\/div>\n\t\t\t\t<\/div>\n\t\t\t\t\t<\/div>\n\t\t<\/div>\n\t\t\t\t\t<\/div>\n\t\t<\/section>\n\t\t\t\t<\/div>\n\t\t","protected":false},"excerpt":{"rendered":"<p>Estetik operasyonlarda, erkekler en \u00e7ok \u2018Sa\u00e7 Ekimi\u2019 ni tercih etmektedirler. Sa\u00e7 ekiminde sa\u00e7lar\u0131n kaz\u0131t\u0131lmas\u0131na gerek duyulmayan bir t\u00fcr olan t\u0131ra\u015fs\u0131z Fue operasyonu da yap\u0131labilinir. \u00d6zellikle \u00f6n k\u00f6rfez denilen tepelerin a\u00e7\u0131k oldu\u011fu durumlarda sa\u00e7lar\u0131n tamam\u0131n\u0131 t\u0131ra\u015f etmeye gerek yoktur. Seyrelmelerin oldu\u011fu [&hellip;]<\/p>\n","protected":false},"author":1,"featured_media":0,"parent":0,"menu_order":0,"comment_status":"closed","ping_status":"closed","template":"","meta":{"footnotes":""},"_links":{"self":[{"href":"https:\/\/asiaesthetic.com\/tr\/wp-json\/wp\/v2\/pages\/136"}],"collection":[{"href":"https:\/\/asiaesthetic.com\/tr\/wp-json\/wp\/v2\/pages"}],"about":[{"href":"https:\/\/asiaesthetic.com\/tr\/wp-json\/wp\/v2\/types\/page"}],"author":[{"embeddable":true,"href":"https:\/\/asiaesthetic.com\/tr\/wp-json\/wp\/v2\/users\/1"}],"replies":[{"embeddable":true,"href":"https:\/\/asiaesthetic.com\/tr\/wp-json\/wp\/v2\/comments?post=136"}],"version-history":[{"count":6,"href":"https:\/\/asiaesthetic.com\/tr\/wp-json\/wp\/v2\/pages\/136\/revisions"}],"predecessor-version":[{"id":334,"href":"https:\/\/asiaesthetic.com\/tr\/wp-json\/wp\/v2\/pages\/136\/revisions\/334"}],"wp:attachment":[{"href":"https:\/\/asiaesthetic.com\/tr\/wp-json\/wp\/v2\/media?parent=136"}],"curies":[{"name":"wp","href":"https:\/\/api.w.org\/{rel}","templated":true}]}}