{"id":158,"date":"2020-07-21T21:31:00","date_gmt":"2020-07-21T18:31:00","guid":{"rendered":"http:\/\/asiaesthetic.com\/tr\/?page_id=158"},"modified":"2020-07-24T10:36:57","modified_gmt":"2020-07-24T07:36:57","slug":"lazer-ile-dis-tasarimi","status":"publish","type":"page","link":"https:\/\/asiaesthetic.com\/tr\/lazer-ile-dis-tasarimi","title":{"rendered":"Lazer ile Di\u015f Tasar\u0131m\u0131"},"content":{"rendered":"\t\t<div data-elementor-type=\"wp-page\" data-elementor-id=\"158\" class=\"elementor elementor-158\" data-elementor-post-type=\"page\">\n\t\t\t\t\t\t<section class=\"elementor-section elementor-top-section elementor-element elementor-element-6542248 elementor-section-boxed elementor-section-height-default elementor-section-height-default wpr-particle-no wpr-jarallax-no wpr-parallax-no wpr-sticky-section-no mkdf-parallax-row-no mkdf-content-aligment-left mkdf-elementor-row-grid-no mkdf-disabled-bg-image-bellow-no\" data-id=\"6542248\" data-element_type=\"section\">\n\t\t\t\t\t\t<div class=\"elementor-container elementor-column-gap-default\">\n\t\t\t\t\t<div class=\"elementor-column elementor-col-100 elementor-top-column elementor-element elementor-element-08a8306\" data-id=\"08a8306\" data-element_type=\"column\">\n\t\t\t<div class=\"elementor-widget-wrap elementor-element-populated\">\n\t\t\t\t\t\t<div class=\"elementor-element elementor-element-6478841 elementor-widget elementor-widget-text-editor\" data-id=\"6478841\" data-element_type=\"widget\" data-widget_type=\"text-editor.default\">\n\t\t\t\t<div class=\"elementor-widget-container\">\n\t\t\t\t\t\t\t<p>Lazer ile di\u015f tedavisi bildi\u011fimiz di\u015f hekimli\u011fi tedavilerine yepyeni bir boyut kazand\u0131rm\u0131\u015ft\u0131r. Yakla\u015f\u0131k 60 y\u0131ld\u0131r t\u0131p alan\u0131nda kullan\u0131lan lazer uygulamalar\u0131 di\u015f hekimli\u011finde de ba\u015far\u0131yla kullan\u0131lmaktad\u0131r. Lazer ile di\u015f tedavisinde; dental implant tedavisi, di\u015f dolgular\u0131, kanal tedavileri, \u00e7\u00fcr\u00fcklerin temizlenmesi, k\u00f6k ucundaki iltihaplar\u0131n kurutulmas\u0131, di\u015f eti \u015fekillendirilmesi, di\u015f eti ve \u00e7ene kemi\u011finde ki her t\u00fcrl\u00fc cerrahi i\u015flemin yap\u0131lmas\u0131 ger\u00e7ekle\u015ftirilmektedir. B\u00fct\u00fcn bunlar\u0131n d\u0131\u015f\u0131nda lazer ile di\u015f tedavisi sayesinde di\u015f rengi beyazlat\u0131lmas\u0131, hassas di\u015flerin hassasiyetinin giderilmesi, aft ve u\u00e7uk tedavileri yap\u0131lmaktad\u0131r. Lazer ile di\u015f tedavisi genellikle ac\u0131, a\u011fr\u0131 gibi s\u0131k\u0131nt\u0131lar ve i\u015flemde kullan\u0131lan alet sesinden korkma gibi durumlarda da tercih edilmektedir. Dental fobi diye adland\u0131r\u0131lan bu durum lazer ile di\u015f tedavisi sayesinde yok olmaktad\u0131r. \u00c7\u00fcnk\u00fc bu tedavide di\u015f y\u00fczeyine herhangi bir temas olmamaktad\u0131r. Lazer uygulamas\u0131 \u00e7ene kemi\u011fi operasyonlar\u0131nda ve 20 ya\u015f di\u015f \u00e7ekimi i\u00e7in gerekli olan kemik kald\u0131rma i\u015flemlerinde de uygulanmaktad\u0131r. Cerrahi m\u00fcdahalenin ard\u0131ndan hasta rahat bir \u015fekilde g\u00fcnl\u00fck hayat\u0131na devam edebilir. Lazer ile di\u015f tedavisi hamilelerde de rahatl\u0131kla uygulanabilen bir y\u00f6ntemdir.<\/p><h6>Lazer ile di\u015f tedavisi hangi durumlarda uygulanmaktad\u0131r?<strong><br \/><\/strong><\/h6><p><img fetchpriority=\"high\" decoding=\"async\" class=\"alignright size-full wp-image-407\" src=\"http:\/\/reaxion.website\/asia\/wp-content\/uploads\/2020\/07\/lazer-ile-dis-tasarimi-1.png\" alt=\"\" width=\"300\" height=\"268\" \/>Lazer ile di\u015f tedavisi a\u011f\u0131z i\u00e7inde meydana gelen farkl\u0131 t\u00fcm yumu\u015fak doku lezyonlar\u0131nda lokal anesteziye hi\u00e7 gerek duyulmadan uygulanabilmektedir. Ortodontik tedavinin ard\u0131ndan di\u015f eti esteti\u011finin sa\u011flanmas\u0131nda da tercih edilmektedir. Di\u015f protezlerinde ki di\u015f eti esteti\u011fini sa\u011flamak amac\u0131yla da uygulanan bu tedavi di\u015f etlerinin fazlas\u0131yla g\u00f6r\u00fcnd\u00fc\u011f\u00fc hastalarda da uygulanmaktad\u0131r. Lazer ile di\u015f tedavisinde derin bir \u015fekilde di\u015f eti temizli\u011fi yap\u0131lmaktad\u0131r. Lazerli tedavi sayesinde di\u015f eti cepleri normalden \u00e7ok daha h\u0131zl\u0131 bir \u015fekilde iyile\u015fmektedir. Bu tedavi de di\u015f eti hassasiyeti, di\u015f eti lekeleri, di\u015f beyazlatma, di\u015f \u00e7\u00fcr\u00fcklerinin temizlenmesi, di\u015f dolgusu ve kanal tedavisi gibi farkl\u0131 bir\u00e7ok i\u015flem uygulanmaktad\u0131r.<\/p><h6>Lazer ile di\u015f tedavisinin avantaj\u0131 nedir?<\/h6><p>Lazer ile di\u015f tedavisinde yap\u0131lan cerrahi m\u00fcdahaleler kanamas\u0131z bir \u015fekilde yap\u0131labilmektedir. Bu \u015fekilde yap\u0131lan tedavi daha k\u0131sa s\u00fcrede iyile\u015fme avantaj\u0131 sa\u011flamaktad\u0131r. Lazer ile di\u015f tedavisinde hem operasyon an\u0131nda hem de iyile\u015fme d\u00f6neminde zaman kazand\u0131rmaktad\u0131r.<\/p><h6>Lazer ile di\u015f tedavisinin normal tedaviye g\u00f6re fark\u0131 nedir?<\/h6><p>Lazer ile di\u015f tedavisi \u00e7al\u0131\u015f\u0131rken rahats\u0131z edici bir ses \u00e7\u0131karmamakta ve titre\u015fimi bulunmamaktad\u0131r. \u00c7o\u011fu zaman anesteziye gerek duyulmad\u0131\u011f\u0131 i\u00e7in i\u011fne yap\u0131lmamas\u0131, di\u015f eti operasyonlar\u0131nda kanama olmamas\u0131, \u00e7al\u0131\u015f\u0131lan b\u00f6lgeye verilen \u0131\u015f\u0131n sebebi ile steril bir b\u00f6lge olu\u015fturulmas\u0131 ve tedavilerden sonra herhangi bir a\u011fr\u0131 ve hassasiyetin olu\u015fmamas\u0131 en belirgin farklar\u0131d\u0131r. Bunlar d\u0131\u015f\u0131nda di\u015f hekiminden ve i\u011fne yap\u0131lmas\u0131ndan korkan hastalar i\u00e7in, hamileler, \u00e7ocuklar ve kalp rahats\u0131zl\u0131\u011f\u0131 gibi hastal\u0131klar\u0131 olan ki\u015filer i\u00e7in anestezi uygulamas\u0131 zararl\u0131 olaca\u011f\u0131 i\u00e7in lazer kullan\u0131m\u0131 olduk\u00e7a faydal\u0131d\u0131r.<\/p><h6>Lazer ile di\u015f tedavisi \u00e7ocuklara uygulanabilir mi?<\/h6><p>\u00c7ocuklar i\u00e7in di\u015f tedavisinde ya\u015fayacaklar\u0131 bu ilk tecr\u00fcbelerinin a\u011fr\u0131s\u0131z, ac\u0131s\u0131z ve korkusuz olmas\u0131 b\u00fcy\u00fck \u00f6nem sa\u011flamaktad\u0131r. Lazer ile di\u015f tedavisinde anestezi yap\u0131lmamas\u0131, sessiz ve titre\u015fimsiz olmas\u0131 ve herhangi bir a\u011fr\u0131, ac\u0131 ya\u015fanmamas\u0131 \u00e7ocuklar\u0131n di\u015f hekimi ve di\u015f tedavisinden ka\u00e7malar\u0131na engel olacakt\u0131r. Bu sebeple \u00e7ocuklar i\u00e7in en do\u011fru tercih lazer ile di\u015f tedavisi olacakt\u0131r.<\/p><h6>Lazer ile di\u015f tedavisi nerelerde kullan\u0131lmaktad\u0131r?<\/h6><p>Lazer i\u015fe di\u015f tedavisi; di\u015f eti \u015fekillendirilmesi, biyositim\u00fclasyon, di\u015f eti cebi, k\u00f6k kanal\u0131 sterilizasyonu, fibromalar\u0131n cerrahisi, ortodonti s\u0131ras\u0131nda olu\u015fan hiperplazi, protezin olu\u015fturdu\u011fu doku kal\u0131nla\u015fmas\u0131n\u0131n tedavisi, yumu\u015fak doku insizyonu, hemostaz, frenilektomi, aftlar, \u00e7\u00fcr\u00fcklerin temizlenmesi, di\u015f beyazlatmas\u0131 ve hassasiyet tedavisinde kullan\u0131lmaktad\u0131r.<\/p>\t\t\t\t\t\t<\/div>\n\t\t\t\t<\/div>\n\t\t\t\t\t<\/div>\n\t\t<\/div>\n\t\t\t\t\t<\/div>\n\t\t<\/section>\n\t\t\t\t<\/div>\n\t\t","protected":false},"excerpt":{"rendered":"<p>Lazer ile di\u015f tedavisi bildi\u011fimiz di\u015f hekimli\u011fi tedavilerine yepyeni bir boyut kazand\u0131rm\u0131\u015ft\u0131r. Yakla\u015f\u0131k 60 y\u0131ld\u0131r t\u0131p alan\u0131nda kullan\u0131lan lazer uygulamalar\u0131 di\u015f hekimli\u011finde de ba\u015far\u0131yla kullan\u0131lmaktad\u0131r. Lazer ile di\u015f tedavisinde; dental implant tedavisi, di\u015f dolgular\u0131, kanal tedavileri, \u00e7\u00fcr\u00fcklerin temizlenmesi, k\u00f6k ucundaki [&hellip;]<\/p>\n","protected":false},"author":1,"featured_media":0,"parent":0,"menu_order":0,"comment_status":"closed","ping_status":"closed","template":"","meta":{"footnotes":""},"_links":{"self":[{"href":"https:\/\/asiaesthetic.com\/tr\/wp-json\/wp\/v2\/pages\/158"}],"collection":[{"href":"https:\/\/asiaesthetic.com\/tr\/wp-json\/wp\/v2\/pages"}],"about":[{"href":"https:\/\/asiaesthetic.com\/tr\/wp-json\/wp\/v2\/types\/page"}],"author":[{"embeddable":true,"href":"https:\/\/asiaesthetic.com\/tr\/wp-json\/wp\/v2\/users\/1"}],"replies":[{"embeddable":true,"href":"https:\/\/asiaesthetic.com\/tr\/wp-json\/wp\/v2\/comments?post=158"}],"version-history":[{"count":4,"href":"https:\/\/asiaesthetic.com\/tr\/wp-json\/wp\/v2\/pages\/158\/revisions"}],"predecessor-version":[{"id":414,"href":"https:\/\/asiaesthetic.com\/tr\/wp-json\/wp\/v2\/pages\/158\/revisions\/414"}],"wp:attachment":[{"href":"https:\/\/asiaesthetic.com\/tr\/wp-json\/wp\/v2\/media?parent=158"}],"curies":[{"name":"wp","href":"https:\/\/api.w.org\/{rel}","templated":true}]}}