{"id":193,"date":"2020-07-21T21:59:30","date_gmt":"2020-07-21T18:59:30","guid":{"rendered":"http:\/\/asiaesthetic.com\/tr\/?page_id=193"},"modified":"2020-07-21T22:09:53","modified_gmt":"2020-07-21T19:09:53","slug":"blog","status":"publish","type":"page","link":"https:\/\/asiaesthetic.com\/tr\/blog","title":{"rendered":"Blog"},"content":{"rendered":"\t\t<div data-elementor-type=\"wp-page\" data-elementor-id=\"193\" class=\"elementor elementor-193\" data-elementor-post-type=\"page\">\n\t\t\t\t\t\t<section class=\"elementor-section elementor-top-section elementor-element elementor-element-6542248 elementor-section-boxed elementor-section-height-default elementor-section-height-default wpr-particle-no wpr-jarallax-no wpr-parallax-no wpr-sticky-section-no mkdf-parallax-row-no mkdf-content-aligment-left mkdf-elementor-row-grid-no mkdf-disabled-bg-image-bellow-no\" data-id=\"6542248\" data-element_type=\"section\">\n\t\t\t\t\t\t<div class=\"elementor-container elementor-column-gap-default\">\n\t\t\t\t\t<div class=\"elementor-column elementor-col-100 elementor-top-column elementor-element elementor-element-08a8306\" data-id=\"08a8306\" data-element_type=\"column\">\n\t\t\t<div class=\"elementor-widget-wrap elementor-element-populated\">\n\t\t\t\t\t\t<div class=\"elementor-element elementor-element-47a6c1f elementor-widget elementor-widget-mkdf_blog_list\" data-id=\"47a6c1f\" data-element_type=\"widget\" data-widget_type=\"mkdf_blog_list.default\">\n\t\t\t\t<div class=\"elementor-widget-container\">\n\t\t\t<div class=\"mkdf-blog-list-holder mkdf-bl-standard mkdf-bl-three-columns mkdf-normal-space mkdf-bl-pag-no-pagination\"  data-number-of-columns=3 data-post-info-author=no data-post-info-date=no data-post-info-category=no data-space-between-items=normal data-orderby=title data-order=ASC data-image-size=full data-title-tag=h4 data-post-info-image=yes data-post-info-section=yes data-pagination-type=no-pagination data--transform-keep-proportions=yes data--transform-keep-proportions-hover=yes data-type=standard data-max-num-pages=1 data-next-page=2>\n    <div class=\"mkdf-bl-wrapper mkdf-outer-space\">\n        <ul class=\"mkdf-blog-list\">\n            <li class=\"mkdf-bl-item mkdf-item-space clearfix\">\n    <div class=\"mkdf-bli-inner\">\n        \n    <div class=\"mkdf-post-image\">\n                <a itemprop=\"url\" href=\"https:\/\/asiaesthetic.com\/tr\/burun-estetigi-nasil-yapilir.html\" title=\"Burun Esteti\u011fi Nas\u0131l Yap\u0131l\u0131r?\">\n                        <img fetchpriority=\"high\" decoding=\"async\" width=\"1250\" height=\"650\" src=\"https:\/\/asiaesthetic.com\/tr\/wp-content\/uploads\/2020\/07\/burun-estetigi-nasil-yapilir1.jpg\" class=\"attachment-full size-full wp-post-image\" alt=\"\" srcset=\"https:\/\/asiaesthetic.com\/tr\/wp-content\/uploads\/2020\/07\/burun-estetigi-nasil-yapilir1.jpg 1250w, https:\/\/asiaesthetic.com\/tr\/wp-content\/uploads\/2020\/07\/burun-estetigi-nasil-yapilir1-300x156.jpg 300w, https:\/\/asiaesthetic.com\/tr\/wp-content\/uploads\/2020\/07\/burun-estetigi-nasil-yapilir1-1024x532.jpg 1024w, https:\/\/asiaesthetic.com\/tr\/wp-content\/uploads\/2020\/07\/burun-estetigi-nasil-yapilir1-768x399.jpg 768w, https:\/\/asiaesthetic.com\/tr\/wp-content\/uploads\/2020\/07\/burun-estetigi-nasil-yapilir1-600x312.jpg 600w\" sizes=\"(max-width: 1250px) 100vw, 1250px\" \/>                    <\/a>\n                <\/div>\n        <div class=\"mkdf-bli-content\">\n                            <div class=\"mkdf-bli-info\">\n                                    <\/div>\n            \n            \n<h4 itemprop=\"name\" class=\"entry-title mkdf-post-title\" >\n<a itemprop=\"url\" href=\"https:\/\/asiaesthetic.com\/tr\/burun-estetigi-nasil-yapilir.html\" title=\"Burun Esteti\u011fi Nas\u0131l Yap\u0131l\u0131r?\">\n        Burun Esteti\u011fi Nas\u0131l Yap\u0131l\u0131r?    <\/a>\n<\/h4>\n            <div class=\"mkdf-bli-excerpt\">\n                        <div class=\"mkdf-post-excerpt-holder\">\n            <p itemprop=\"description\" class=\"mkdf-post-excerpt\">\n                Burun operasyonu genel anestezi alt\u0131nda ger\u00e7ekle\u015ftirilmektedir. Ortalama 45 dakika ile 2:30 saat aras\u0131 s\u00fcrebilir&nbsp;(bu s\u00fcre tamamen de\u011fi\u015fkenlik g\u00f6sterir). Ameliyat sonras\u0131 ise ortalama 1 ile 3 g\u00fcn aras\u0131nda nazal delikli tamponlar kullan\u0131l\u0131r ve ortalama bir hafta sonra ise burun al\u00e7\u0131s\u0131 \u00e7\u0131kar\u0131l\u0131r.\n\nGenellikle,            <\/p>\n        <\/div>\n                        <div class=\"mkdf-post-read-more-button\">\n        <a itemprop=\"url\" href=\"https:\/\/asiaesthetic.com\/tr\/burun-estetigi-nasil-yapilir.html\" target=\"_self\"  class=\"mkdf-btn mkdf-btn-medium mkdf-btn-simple mkdf-blog-list-button\"  >    <span class=\"mkdf-btn-text\">Read More<\/span>    <\/a>    <\/div>\n            <\/div>\n        <\/div>\n    <\/div>\n<\/li><li class=\"mkdf-bl-item mkdf-item-space clearfix\">\n    <div class=\"mkdf-bli-inner\">\n        \n    <div class=\"mkdf-post-image\">\n                <a itemprop=\"url\" href=\"https:\/\/asiaesthetic.com\/tr\/liposuction-ameliyati-sonrasi.html\" title=\"Liposuction Ameliyat\u0131 Sonras\u0131\">\n                        <img decoding=\"async\" width=\"1250\" height=\"650\" src=\"https:\/\/asiaesthetic.com\/tr\/wp-content\/uploads\/2020\/07\/lipo-ameliyati1.jpg\" class=\"attachment-full size-full wp-post-image\" alt=\"\" srcset=\"https:\/\/asiaesthetic.com\/tr\/wp-content\/uploads\/2020\/07\/lipo-ameliyati1.jpg 1250w, https:\/\/asiaesthetic.com\/tr\/wp-content\/uploads\/2020\/07\/lipo-ameliyati1-300x156.jpg 300w, https:\/\/asiaesthetic.com\/tr\/wp-content\/uploads\/2020\/07\/lipo-ameliyati1-1024x532.jpg 1024w, https:\/\/asiaesthetic.com\/tr\/wp-content\/uploads\/2020\/07\/lipo-ameliyati1-768x399.jpg 768w, https:\/\/asiaesthetic.com\/tr\/wp-content\/uploads\/2020\/07\/lipo-ameliyati1-600x312.jpg 600w\" sizes=\"(max-width: 1250px) 100vw, 1250px\" \/>                    <\/a>\n                <\/div>\n        <div class=\"mkdf-bli-content\">\n                            <div class=\"mkdf-bli-info\">\n                                    <\/div>\n            \n            \n<h4 itemprop=\"name\" class=\"entry-title mkdf-post-title\" >\n<a itemprop=\"url\" href=\"https:\/\/asiaesthetic.com\/tr\/liposuction-ameliyati-sonrasi.html\" title=\"Liposuction Ameliyat\u0131 Sonras\u0131\">\n        Liposuction Ameliyat\u0131 Sonras\u0131    <\/a>\n<\/h4>\n            <div class=\"mkdf-bli-excerpt\">\n                        <div class=\"mkdf-post-excerpt-holder\">\n            <p itemprop=\"description\" class=\"mkdf-post-excerpt\">\n                Ameliyat sedasyon anestezisi alt\u0131nda yap\u0131lm\u0131\u015fsa hemen sonra aya\u011fa kalkabilir, biraz istirahat ettikten sonra evinize gidebilirsiniz. Liposuction sonras\u0131 giydirilen korseyi 1 ay boyunca kullanman\u0131z gerekmektedir. Hemen sonras\u0131nda ve ilk g\u00fcn i\u00e7eriye verilen a\u011fr\u0131 kesiciler sayesinde \u00e7ok a\u011fr\u0131n\u0131z olmaz.\n\nErtesi g\u00fcn ve sonras\u0131            <\/p>\n        <\/div>\n                        <div class=\"mkdf-post-read-more-button\">\n        <a itemprop=\"url\" href=\"https:\/\/asiaesthetic.com\/tr\/liposuction-ameliyati-sonrasi.html\" target=\"_self\"  class=\"mkdf-btn mkdf-btn-medium mkdf-btn-simple mkdf-blog-list-button\"  >    <span class=\"mkdf-btn-text\">Read More<\/span>    <\/a>    <\/div>\n            <\/div>\n        <\/div>\n    <\/div>\n<\/li><li class=\"mkdf-bl-item mkdf-item-space clearfix\">\n    <div class=\"mkdf-bli-inner\">\n        \n    <div class=\"mkdf-post-image\">\n                <a itemprop=\"url\" href=\"https:\/\/asiaesthetic.com\/tr\/meme-buyutme-estetigi-nedir.html\" title=\"Meme B\u00fcy\u00fctme Esteti\u011fi Nedir?\">\n                        <img decoding=\"async\" width=\"1250\" height=\"650\" src=\"https:\/\/asiaesthetic.com\/tr\/wp-content\/uploads\/2020\/07\/meme-buyutme-nasil1.jpg\" class=\"attachment-full size-full wp-post-image\" alt=\"\" srcset=\"https:\/\/asiaesthetic.com\/tr\/wp-content\/uploads\/2020\/07\/meme-buyutme-nasil1.jpg 1250w, https:\/\/asiaesthetic.com\/tr\/wp-content\/uploads\/2020\/07\/meme-buyutme-nasil1-300x156.jpg 300w, https:\/\/asiaesthetic.com\/tr\/wp-content\/uploads\/2020\/07\/meme-buyutme-nasil1-1024x532.jpg 1024w, https:\/\/asiaesthetic.com\/tr\/wp-content\/uploads\/2020\/07\/meme-buyutme-nasil1-768x399.jpg 768w, https:\/\/asiaesthetic.com\/tr\/wp-content\/uploads\/2020\/07\/meme-buyutme-nasil1-600x312.jpg 600w\" sizes=\"(max-width: 1250px) 100vw, 1250px\" \/>                    <\/a>\n                <\/div>\n        <div class=\"mkdf-bli-content\">\n                            <div class=\"mkdf-bli-info\">\n                                    <\/div>\n            \n            \n<h4 itemprop=\"name\" class=\"entry-title mkdf-post-title\" >\n<a itemprop=\"url\" href=\"https:\/\/asiaesthetic.com\/tr\/meme-buyutme-estetigi-nedir.html\" title=\"Meme B\u00fcy\u00fctme Esteti\u011fi Nedir?\">\n        Meme B\u00fcy\u00fctme Esteti\u011fi Nedir?    <\/a>\n<\/h4>\n            <div class=\"mkdf-bli-excerpt\">\n                        <div class=\"mkdf-post-excerpt-holder\">\n            <p itemprop=\"description\" class=\"mkdf-post-excerpt\">\n                G\u00f6\u011f\u00fcs b\u00fcy\u00fctme estetik ameliyatlar\u0131 meme protezleri ile ger\u00e7ekle\u015fen bir i\u015flemdir. Bu protezlerin \u015fekli ve k\u0131vam\u0131 de\u011fi\u015fkendir. Hastan\u0131n iste\u011fi, g\u00f6\u011f\u00fcs kafesi ve meme dokusunun \u00f6l\u00e7\u00fclerine g\u00f6re se\u00e7ilir. Feminen g\u00f6r\u00fcn\u00fcm\u00fcn anahtar belirtilisi g\u00f6\u011f\u00fcslerdir. Dik ve dolgun g\u00f6\u011f\u00fcslere sahip olmak her kad\u0131n i\u00e7in            <\/p>\n        <\/div>\n                        <div class=\"mkdf-post-read-more-button\">\n        <a itemprop=\"url\" href=\"https:\/\/asiaesthetic.com\/tr\/meme-buyutme-estetigi-nedir.html\" target=\"_self\"  class=\"mkdf-btn mkdf-btn-medium mkdf-btn-simple mkdf-blog-list-button\"  >    <span class=\"mkdf-btn-text\">Read More<\/span>    <\/a>    <\/div>\n            <\/div>\n        <\/div>\n    <\/div>\n<\/li>        <\/ul>\n    <\/div>\n    <\/div>\t\t<\/div>\n\t\t\t\t<\/div>\n\t\t\t\t\t<\/div>\n\t\t<\/div>\n\t\t\t\t\t<\/div>\n\t\t<\/section>\n\t\t\t\t<\/div>\n\t\t","protected":false},"excerpt":{"rendered":"<p>Burun Esteti\u011fi Nas\u0131l Yap\u0131l\u0131r? Burun operasyonu genel anestezi alt\u0131nda ger\u00e7ekle\u015ftirilmektedir. Ortalama 45 dakika ile 2:30 saat aras\u0131 s\u00fcrebilir\u00a0(bu s\u00fcre tamamen de\u011fi\u015fkenlik g\u00f6sterir). Ameliyat sonras\u0131 ise ortalama 1 ile 3 g\u00fcn aras\u0131nda nazal delikli tamponlar kullan\u0131l\u0131r ve ortalama bir hafta sonra [&hellip;]<\/p>\n","protected":false},"author":1,"featured_media":0,"parent":0,"menu_order":0,"comment_status":"closed","ping_status":"closed","template":"","meta":{"footnotes":""},"_links":{"self":[{"href":"https:\/\/asiaesthetic.com\/tr\/wp-json\/wp\/v2\/pages\/193"}],"collection":[{"href":"https:\/\/asiaesthetic.com\/tr\/wp-json\/wp\/v2\/pages"}],"about":[{"href":"https:\/\/asiaesthetic.com\/tr\/wp-json\/wp\/v2\/types\/page"}],"author":[{"embeddable":true,"href":"https:\/\/asiaesthetic.com\/tr\/wp-json\/wp\/v2\/users\/1"}],"replies":[{"embeddable":true,"href":"https:\/\/asiaesthetic.com\/tr\/wp-json\/wp\/v2\/comments?post=193"}],"version-history":[{"count":2,"href":"https:\/\/asiaesthetic.com\/tr\/wp-json\/wp\/v2\/pages\/193\/revisions"}],"predecessor-version":[{"id":195,"href":"https:\/\/asiaesthetic.com\/tr\/wp-json\/wp\/v2\/pages\/193\/revisions\/195"}],"wp:attachment":[{"href":"https:\/\/asiaesthetic.com\/tr\/wp-json\/wp\/v2\/media?parent=193"}],"curies":[{"name":"wp","href":"https:\/\/api.w.org\/{rel}","templated":true}]}}