{"id":22,"date":"2020-07-21T16:10:13","date_gmt":"2020-07-21T13:10:13","guid":{"rendered":"http:\/\/asiaesthetic.com\/tr\/?page_id=22"},"modified":"2020-07-21T16:40:30","modified_gmt":"2020-07-21T13:40:30","slug":"hakkimizda","status":"publish","type":"page","link":"https:\/\/asiaesthetic.com\/tr\/hakkimizda","title":{"rendered":"Hakk\u0131m\u0131zda"},"content":{"rendered":"\t\t<div data-elementor-type=\"wp-page\" data-elementor-id=\"22\" class=\"elementor elementor-22\" data-elementor-post-type=\"page\">\n\t\t\t\t\t\t<section class=\"elementor-section elementor-top-section elementor-element elementor-element-6542248 elementor-section-boxed elementor-section-height-default elementor-section-height-default wpr-particle-no wpr-jarallax-no wpr-parallax-no wpr-sticky-section-no mkdf-parallax-row-no mkdf-content-aligment-left mkdf-elementor-row-grid-no mkdf-disabled-bg-image-bellow-no\" data-id=\"6542248\" data-element_type=\"section\">\n\t\t\t\t\t\t<div class=\"elementor-container elementor-column-gap-default\">\n\t\t\t\t\t<div class=\"elementor-column elementor-col-100 elementor-top-column elementor-element elementor-element-08a8306\" data-id=\"08a8306\" data-element_type=\"column\">\n\t\t\t<div class=\"elementor-widget-wrap elementor-element-populated\">\n\t\t\t\t\t\t<div class=\"elementor-element elementor-element-6478841 elementor-widget elementor-widget-text-editor\" data-id=\"6478841\" data-element_type=\"widget\" data-widget_type=\"text-editor.default\">\n\t\t\t\t<div class=\"elementor-widget-container\">\n\t\t\t\t\t\t\t<p>Asia Esthetic olarak, doktorlar ve di\u011fer sa\u011fl\u0131k g\u00f6revlileri ile, dil ve k\u00fclt\u00fcrel ileti\u015fimin kurulmas\u0131 ve hastalarla sa\u011fl\u0131k personeli aras\u0131nda iki y\u00f6nl\u00fc bilgi al\u0131\u015fveri\u015finin sa\u011flanmas\u0131na \u00e7al\u0131\u015f\u0131yoruz.<\/p><p>Sa\u00e7 Ekimi, Di\u015f Sa\u011fl\u0131\u011f\u0131, Plastik Cerrahi ve bir \u00e7ok farkl\u0131 sa\u011fl\u0131k konular\u0131nda hizmet veren Asia Esthetic hastalar i\u00e7in en uygun tedavinin planlanmas\u0131, konaklamas\u0131 ve transferine kadar bir\u00e7ok konuda hizmet vermektedir. Hastan\u0131n ba\u015flang\u0131\u00e7tan tedavi sonras\u0131na kadar s\u00fcreci en iyi \u015fekilde y\u00f6neten ve hasta memnuniyetini esas alan bir \u015firkettir.<\/p><h6>Misyonumuz<\/h6><p>Uzmanla\u015ft\u0131\u011f\u0131m\u0131z t\u00fcm sa\u011fl\u0131k hizmetlerinde, t\u0131bb\u0131n ula\u015ft\u0131\u011f\u0131 en \u00fcst d\u00fczeyde, g\u00fcvenilir, hasta odakl\u0131 ve kaliteli hizmet veren, hasta ve \u00e7al\u0131\u015fan g\u00fcvenli\u011fini \u00f6n planda tutan, hasta haklar\u0131na sayg\u0131l\u0131, \u00e7evreye duyarl\u0131, nitelikli sa\u011fl\u0131k \u00e7al\u0131\u015fan\u0131 yeti\u015ftiren, yenilik\u00e7i ve s\u00fcrekli kendini geli\u015ftiren \u00f6nc\u00fc bir kurulu\u015fuz.<\/p><h6>Vizyonumuz<\/h6><p>\u00c7a\u011fda\u015f bir y\u00f6netim sistemi, t\u0131bbi uygulamalar\u0131 ve teknolojisi ile \u00f6rnek g\u00f6sterilen, toplumun beklentileri ile hastalar\u0131m\u0131z\u0131n t\u00fcm sa\u011fl\u0131k gereksinimlerini kar\u015f\u0131layan ve bu \u00f6zellikleri ile uluslararas\u0131 standartlarda \u00f6ncelikle tercih edilen bir sa\u011fl\u0131k kurulu\u015fu olmakt\u0131r.<\/p><h6>Kalite Politikam\u0131z<\/h6><p>Ulusal ve uluslar aras\u0131 standartlar\u0131 esas alarak; bu do\u011frultudaki y\u00f6netsel destekle, hasta ve \u00e7al\u0131\u015fan memnuniyeti odakl\u0131, \u00f6l\u00e7me ve iyile\u015ftirme mekanizmalar\u0131n\u0131 kullanarak s\u00fcrekli e\u011fitimle geli\u015fmeyi destekleyen y\u00fcksek kaliteli hizmet sunmak ve \u00e7al\u0131\u015fanlar taraf\u0131ndan benimsenmesini sa\u011flamak \u00fczere kurulmu\u015ftur.<\/p>\t\t\t\t\t\t<\/div>\n\t\t\t\t<\/div>\n\t\t\t\t\t<\/div>\n\t\t<\/div>\n\t\t\t\t\t<\/div>\n\t\t<\/section>\n\t\t\t\t<\/div>\n\t\t","protected":false},"excerpt":{"rendered":"<p>Asia Esthetic olarak, doktorlar ve di\u011fer sa\u011fl\u0131k g\u00f6revlileri ile, dil ve k\u00fclt\u00fcrel ileti\u015fimin kurulmas\u0131 ve hastalarla sa\u011fl\u0131k personeli aras\u0131nda iki y\u00f6nl\u00fc bilgi al\u0131\u015fveri\u015finin sa\u011flanmas\u0131na \u00e7al\u0131\u015f\u0131yoruz. Sa\u00e7 Ekimi, Di\u015f Sa\u011fl\u0131\u011f\u0131, Plastik Cerrahi ve bir \u00e7ok farkl\u0131 sa\u011fl\u0131k konular\u0131nda hizmet veren Asia [&hellip;]<\/p>\n","protected":false},"author":1,"featured_media":0,"parent":0,"menu_order":0,"comment_status":"closed","ping_status":"closed","template":"","meta":{"footnotes":""},"_links":{"self":[{"href":"https:\/\/asiaesthetic.com\/tr\/wp-json\/wp\/v2\/pages\/22"}],"collection":[{"href":"https:\/\/asiaesthetic.com\/tr\/wp-json\/wp\/v2\/pages"}],"about":[{"href":"https:\/\/asiaesthetic.com\/tr\/wp-json\/wp\/v2\/types\/page"}],"author":[{"embeddable":true,"href":"https:\/\/asiaesthetic.com\/tr\/wp-json\/wp\/v2\/users\/1"}],"replies":[{"embeddable":true,"href":"https:\/\/asiaesthetic.com\/tr\/wp-json\/wp\/v2\/comments?post=22"}],"version-history":[{"count":5,"href":"https:\/\/asiaesthetic.com\/tr\/wp-json\/wp\/v2\/pages\/22\/revisions"}],"predecessor-version":[{"id":32,"href":"https:\/\/asiaesthetic.com\/tr\/wp-json\/wp\/v2\/pages\/22\/revisions\/32"}],"wp:attachment":[{"href":"https:\/\/asiaesthetic.com\/tr\/wp-json\/wp\/v2\/media?parent=22"}],"curies":[{"name":"wp","href":"https:\/\/api.w.org\/{rel}","templated":true}]}}