{"id":35,"date":"2020-07-21T16:43:48","date_gmt":"2020-07-21T13:43:48","guid":{"rendered":"http:\/\/asiaesthetic.com\/tr\/?page_id=35"},"modified":"2020-07-24T10:05:11","modified_gmt":"2020-07-24T07:05:11","slug":"burun-estetigi","status":"publish","type":"page","link":"https:\/\/asiaesthetic.com\/tr\/burun-estetigi","title":{"rendered":"Burun Esteti\u011fi"},"content":{"rendered":"\t\t<div data-elementor-type=\"wp-page\" data-elementor-id=\"35\" class=\"elementor elementor-35\" data-elementor-post-type=\"page\">\n\t\t\t\t\t\t<section class=\"elementor-section elementor-top-section elementor-element elementor-element-6542248 elementor-section-boxed elementor-section-height-default elementor-section-height-default wpr-particle-no wpr-jarallax-no wpr-parallax-no wpr-sticky-section-no mkdf-parallax-row-no mkdf-content-aligment-left mkdf-elementor-row-grid-no mkdf-disabled-bg-image-bellow-no\" data-id=\"6542248\" data-element_type=\"section\">\n\t\t\t\t\t\t<div class=\"elementor-container elementor-column-gap-default\">\n\t\t\t\t\t<div class=\"elementor-column elementor-col-100 elementor-top-column elementor-element elementor-element-08a8306\" data-id=\"08a8306\" data-element_type=\"column\">\n\t\t\t<div class=\"elementor-widget-wrap elementor-element-populated\">\n\t\t\t\t\t\t<div class=\"elementor-element elementor-element-6478841 elementor-widget elementor-widget-text-editor\" data-id=\"6478841\" data-element_type=\"widget\" data-widget_type=\"text-editor.default\">\n\t\t\t\t<div class=\"elementor-widget-container\">\n\t\t\t\t\t\t\t<p>Burun esteti\u011fi ameliyat\u0131 yani rinoplasti burnunuzda ki \u015fekil, iskelet ve yumu\u015fak dokular\u0131n bozuklu\u011funda, i\u015flevsizli\u011finin d\u00fczeltilmesinde ya da daha estetik g\u00f6r\u00fcnmesi i\u00e7in yeniden \u015fekillendirilmesinde uygulanan cerrahi bir i\u015flemdir. Burun esteti\u011fi sayesinde burnunuzun b\u00fcy\u00fckl\u00fc\u011f\u00fc de\u011fi\u015ftirilebilir, e\u011frili\u011fi giderilebilir, burun delikleri daralt\u0131labilir, dudak ile burun aras\u0131 a\u00e7\u0131s\u0131 d\u00fczeltilebilir, burun ucu kald\u0131r\u0131labilir ve \u015fekli de\u011fi\u015ftirilebilir. Burnunuza yap\u0131lacak olan b\u00fct\u00fcn bu i\u015flemlerin amac\u0131 burun \u015feklinizi y\u00fcz yap\u0131n\u0131za uyabilecek hale getirmek ve burnunuzdaki bozukluklar\u0131 kal\u0131c\u0131 olarak d\u00fczeltmektir. Rinoplasti ile gerekti\u011fi takdirde burnunuzun solunum i\u015flevini g\u00fc\u00e7le\u015ftiren yap\u0131sal bozukluklar\u0131 da d\u00fczeltilmekte ve solunum yollar\u0131 a\u00e7\u0131lmaktad\u0131r. Rinoplasti ameliyat\u0131 kesinlikle bilim ve sanat\u0131n bulu\u015ftu\u011fu bir ameliyatt\u0131r.<\/p><h6>Burun esteti\u011fi ameliyat\u0131nda a\u011fr\u0131 hisseder miyim?<\/h6><p><img decoding=\"async\" class=\"alignright size-full wp-image-217\" src=\"http:\/\/reaxion.website\/asia\/wp-content\/uploads\/2020\/07\/burun-estetigi-anasayfa.png\" alt=\"\" width=\"300\" srcset=\"https:\/\/asiaesthetic.com\/tr\/wp-content\/uploads\/2020\/07\/burun-estetigi-anasayfa.png 500w, https:\/\/asiaesthetic.com\/tr\/wp-content\/uploads\/2020\/07\/burun-estetigi-anasayfa-300x268.png 300w\" sizes=\"(max-width: 500px) 100vw, 500px\" \/><\/p><p>Burun esteti\u011fi ameliyat\u0131 s\u0131ras\u0131nda anestezinin etkisi ile herhangi bir a\u011fr\u0131 hissetmeniz m\u00fcmk\u00fcn olmayacakt\u0131r. Ameliyattan sonra ise birka\u00e7 g\u00fcn boyunca b\u00fct\u00fcn hastalara a\u011fr\u0131 kesici verilmektedir. Ameliyat olduktan sonra ki ilk gece nefes almakta biraz zorlanabilirsiniz. Fakat burnunuza yerle\u015ftirdi\u011fimiz burun i\u00e7i pansumanlar\u0131 \u00e7\u0131kt\u0131ktan sonra daha rahat nefes alabileceksiniz. Burun i\u00e7i pansumanlar\u0131 ameliyat\u0131n ertesi g\u00fcn\u00fc \u00e7\u0131kart\u0131labilmektedir. Bu esnadan sonra da hi\u00e7bir a\u011fr\u0131 ve s\u0131k\u0131nt\u0131n\u0131z olmayacakt\u0131r.<\/p><h6>Burun esteti\u011fi ameliyat\u0131 hangi ya\u015flarda olunmal\u0131d\u0131r?<\/h6><p>Burun esteti\u011fi ameliyat\u0131n\u0131n bir alt ya\u015f s\u0131n\u0131r\u0131 vard\u0131r. Bu s\u0131n\u0131r kad\u0131nlarda 17 iken erkeklerde 18\u2019dir. Burun esteti\u011fi ameliyat\u0131n\u0131n herhangi bir \u00fcst ya\u015f s\u0131n\u0131r\u0131 yoktur. \u00c7ocuklarda ciddi bir burun t\u0131kan\u0131kl\u0131\u011f\u0131 g\u00f6z\u00fck\u00fcyor ise ve bu durum \u00e7ocu\u011funuzun geli\u015fimini bozuyor ise erken ya\u015fta cerrahi m\u00fcdahale yap\u0131labilmektedir.<\/p><h6>Burun esteti\u011fi ameliyat\u0131 s\u0131ras\u0131nda hem nefes alma problemimi d\u00fczelttirip hem burun esteti\u011fi yapt\u0131rabilir miyim?<\/h6><p>Evet, ge\u00e7irece\u011finiz burun ameliyat\u0131 s\u0131ras\u0131nda hem nefes alma probleminizi d\u00fczelttirip hem de g\u00f6rsel a\u00e7\u0131dan burnunuzun \u015feklini d\u00fczelttirebilirsiniz. Rahat\u00e7a nefes al\u0131rken burnunuzu da y\u00fcz\u00fcn\u00fcze uygun bir \u015fekle kavu\u015fturabilirsiniz<\/p><h6>Burun esteti\u011fi ameliyat\u0131ndan sonra burnumda izler kalacak m\u0131?<\/h6><p>Biliyorsunuz ki cilt \u00fczerinde yap\u0131lan herhangi bir kesik bile iz b\u0131rakmaktad\u0131r. Fakat ameliyat izi denildi\u011finde akl\u0131n\u0131za gelen o b\u00fcy\u00fck diki\u015fler burun esteti\u011finde olmayacakt\u0131r. \u00c7\u00fcnk\u00fc burun esteti\u011fi operasyonlar\u0131nda a\u00e7\u0131lan her bir kesik ve diki\u015fler son derece dikkatli bir \u015fekilde yap\u0131laca\u011f\u0131 i\u00e7in g\u00f6zle g\u00f6r\u00fclmeyecektir. Burun esteti\u011fi ameliyat\u0131 a\u00e7\u0131k ve kapal\u0131 olarak iki \u015fekilde yap\u0131lmaktad\u0131r. Kapal\u0131 olan operasyonda kesikler burnunuzun i\u00e7inde kalaca\u011f\u0131 i\u00e7in g\u00f6z\u00fckmeyecektir. A\u00e7\u0131k burun operasyonunda ise burnun taban\u0131nda k\u00fc\u00e7\u00fcc\u00fck bir iz kalacakt\u0131r. A\u00e7\u0131k operasyon yap\u0131lmas\u0131 gereken bir durum oldu\u011funda hastalara \u00f6nceden gerekli bilgi verilecektir.<\/p><h6>Burun esteti\u011fi ameliyat\u0131ndan sonra normal ya\u015fant\u0131ma hemen geri d\u00f6nebilir miyim?<\/h6><p>Burun ameliyat\u0131ndan hemen sonra evinize gidebilir ve normal ya\u015fant\u0131n\u0131za devam edebilirsiniz. Ameliyattan sonra burnunuzun i\u00e7ine yerle\u015ftirdi\u011fimiz ince silikon sayesinde rahatl\u0131kla nefes alabilirsiniz. Burun esteti\u011fi operasyonunun ard\u0131ndan bir saat kadar g\u00f6zetimimizde kalabilir ve sonras\u0131nda refakat\u00e7iniz ile beraber eve gidebilirsiniz. Yine de ameliyat\u0131n ard\u0131ndan bir g\u00fcn hastanede g\u00f6zetimimiz alt\u0131nda kalman\u0131z\u0131 tavsiye etmekteyiz.<\/p>\t\t\t\t\t\t<\/div>\n\t\t\t\t<\/div>\n\t\t\t\t\t<\/div>\n\t\t<\/div>\n\t\t\t\t\t<\/div>\n\t\t<\/section>\n\t\t\t\t<\/div>\n\t\t","protected":false},"excerpt":{"rendered":"<p>Burun esteti\u011fi ameliyat\u0131 yani rinoplasti burnunuzda ki \u015fekil, iskelet ve yumu\u015fak dokular\u0131n bozuklu\u011funda, i\u015flevsizli\u011finin d\u00fczeltilmesinde ya da daha estetik g\u00f6r\u00fcnmesi i\u00e7in yeniden \u015fekillendirilmesinde uygulanan cerrahi bir i\u015flemdir. Burun esteti\u011fi sayesinde burnunuzun b\u00fcy\u00fckl\u00fc\u011f\u00fc de\u011fi\u015ftirilebilir, e\u011frili\u011fi giderilebilir, burun delikleri daralt\u0131labilir, dudak ile [&hellip;]<\/p>\n","protected":false},"author":1,"featured_media":0,"parent":0,"menu_order":0,"comment_status":"closed","ping_status":"closed","template":"","meta":{"footnotes":""},"_links":{"self":[{"href":"https:\/\/asiaesthetic.com\/tr\/wp-json\/wp\/v2\/pages\/35"}],"collection":[{"href":"https:\/\/asiaesthetic.com\/tr\/wp-json\/wp\/v2\/pages"}],"about":[{"href":"https:\/\/asiaesthetic.com\/tr\/wp-json\/wp\/v2\/types\/page"}],"author":[{"embeddable":true,"href":"https:\/\/asiaesthetic.com\/tr\/wp-json\/wp\/v2\/users\/1"}],"replies":[{"embeddable":true,"href":"https:\/\/asiaesthetic.com\/tr\/wp-json\/wp\/v2\/comments?post=35"}],"version-history":[{"count":5,"href":"https:\/\/asiaesthetic.com\/tr\/wp-json\/wp\/v2\/pages\/35\/revisions"}],"predecessor-version":[{"id":348,"href":"https:\/\/asiaesthetic.com\/tr\/wp-json\/wp\/v2\/pages\/35\/revisions\/348"}],"wp:attachment":[{"href":"https:\/\/asiaesthetic.com\/tr\/wp-json\/wp\/v2\/media?parent=35"}],"curies":[{"name":"wp","href":"https:\/\/api.w.org\/{rel}","templated":true}]}}