{"id":51,"date":"2020-07-21T20:47:49","date_gmt":"2020-07-21T17:47:49","guid":{"rendered":"http:\/\/asiaesthetic.com\/tr\/?page_id=51"},"modified":"2020-07-24T10:10:19","modified_gmt":"2020-07-24T07:10:19","slug":"kas-kaldirma-estetigi","status":"publish","type":"page","link":"https:\/\/asiaesthetic.com\/tr\/kas-kaldirma-estetigi","title":{"rendered":"Ka\u015f Kald\u0131rma Esteti\u011fi"},"content":{"rendered":"\t\t<div data-elementor-type=\"wp-page\" data-elementor-id=\"51\" class=\"elementor elementor-51\" data-elementor-post-type=\"page\">\n\t\t\t\t\t\t<section class=\"elementor-section elementor-top-section elementor-element elementor-element-6542248 elementor-section-boxed elementor-section-height-default elementor-section-height-default wpr-particle-no wpr-jarallax-no wpr-parallax-no wpr-sticky-section-no mkdf-parallax-row-no mkdf-content-aligment-left mkdf-elementor-row-grid-no mkdf-disabled-bg-image-bellow-no\" data-id=\"6542248\" data-element_type=\"section\">\n\t\t\t\t\t\t<div class=\"elementor-container elementor-column-gap-default\">\n\t\t\t\t\t<div class=\"elementor-column elementor-col-100 elementor-top-column elementor-element elementor-element-08a8306\" data-id=\"08a8306\" data-element_type=\"column\">\n\t\t\t<div class=\"elementor-widget-wrap elementor-element-populated\">\n\t\t\t\t\t\t<div class=\"elementor-element elementor-element-6478841 elementor-widget elementor-widget-text-editor\" data-id=\"6478841\" data-element_type=\"widget\" data-widget_type=\"text-editor.default\">\n\t\t\t\t<div class=\"elementor-widget-container\">\n\t\t\t\t\t\t\t<p>Ka\u015f kald\u0131rma esteti\u011fi y\u00fcz\u00fcn ifadesini de\u011fi\u015ftiren, formunu kaybeden, yorgun g\u00f6steren ka\u015flara yap\u0131lan bir operasyondur. Bu operasyon sayesinde y\u00fcz ve g\u00f6z g\u00fczelli\u011fini ortaya \u00e7\u0131kartan ka\u015flar dinlenmi\u015f, gen\u00e7, taze, ayd\u0131nl\u0131k ve a\u00e7\u0131k bir g\u00f6r\u00fcnt\u00fcye kavu\u015facakt\u0131r. Zamanla aln\u0131m\u0131zda olu\u015fan dikey ve yatay \u00e7izgiler zamanla derinle\u015ferek bizi oldu\u011fumuzdan daha ya\u015fl\u0131 g\u00f6stermektedir. Bu \u00e7izgiler mimik \u00e7izgileri olarak da bilinirler ve ya\u015f\u0131m\u0131z\u0131 g\u00f6stermenin yan\u0131nda y\u00fcz\u00fcm\u00fcze de yorgun ifade vermektedirler. Ka\u015flar\u0131m\u0131z\u0131n sarkmas\u0131n\u0131n bilinen durumlar d\u0131\u015f\u0131nda hastal\u0131klarla ilgili olarak da ya\u015fanabilece\u011fi bilinmektedir. Bu hastal\u0131klar\u0131n ba\u015f\u0131nda t\u00fcm\u00f6rler, y\u00fcz fel\u00e7leri ve ya\u015fanan ameliyatlar gelmektedir. Y\u00fcz g\u00f6r\u00fcnt\u00fcm\u00fczde en \u00f6nemli yere sahip olan hi\u00e7 \u015f\u00fcphesiz ki ka\u015flard\u0131r. \u00c7\u00fcnk\u00fc ka\u015flar bak\u0131\u015flar\u0131m\u0131z\u0131 ve mimiklerimizi ortaya \u00e7\u0131kmakta, y\u00fcz\u00fcm\u00fcze anlam katmaktad\u0131r. Ka\u015f kald\u0131rma esteti\u011finde ka\u015f\u0131n\u0131z y\u00fcz \u015feklinize g\u00f6re belirlenerek ona uygun operasyon yap\u0131lmal\u0131d\u0131r. Ka\u015f kald\u0131rma operasyonu sa\u00e7lar\u0131n\u0131z\u0131n aras\u0131ndan a\u00e7\u0131lacak k\u00fc\u00e7\u00fck kesi ile i\u00e7eri girilerek dokular\u0131n serbestle\u015ftirilmesi ve dokular\u0131n yukar\u0131ya do\u011fru as\u0131lmas\u0131yla yap\u0131lan bir i\u015flemdir. Operasyon sa\u00e7l\u0131 deriden yap\u0131ld\u0131\u011f\u0131 i\u00e7in izler d\u0131\u015far\u0131dan bak\u0131ld\u0131\u011f\u0131nda g\u00f6r\u00fcnmeyecektir. Ameliyattan sonra ciddi bir a\u011fr\u0131n\u0131z olmayaca\u011f\u0131 gibi g\u00fcnl\u00fck ya\u015fam\u0131n\u0131za da hemen d\u00f6nebilirsiniz.<\/p><h6>Ka\u015f kald\u0131rma ameliyat\u0131ndan \u00f6nce hangi i\u015flemler yap\u0131l\u0131r?<\/h6><p><img fetchpriority=\"high\" decoding=\"async\" class=\"alignright size-full wp-image-353\" src=\"http:\/\/reaxion.website\/asia\/wp-content\/uploads\/2020\/07\/kas-kaldirma-1.png\" alt=\"\" width=\"300\" height=\"268\" \/>Ka\u015f kald\u0131rma esteti\u011fi uygulamas\u0131 yap\u0131lacak ki\u015fi ilk olarak de\u011ferlendirmeye al\u0131n\u0131r. Ka\u015f\u0131n yerine ve hastada k\u0131r\u0131\u015f\u0131kl\u0131k olup olmad\u0131\u011f\u0131na bak\u0131l\u0131r. Ard\u0131ndan ka\u015f kald\u0131rma ameliyat\u0131n\u0131n planlanmas\u0131 i\u015flemine ge\u00e7ilir. Kad\u0131nlarda ve erkeklerde farkl\u0131 \u015fekilde yerle\u015ftirilen ka\u015f; kad\u0131nlarda kemi\u011fin \u00fcst\u00fcne do\u011fru, erkeklerde ise al\u0131n kemi\u011fi hizas\u0131nda planlan\u0131r.<\/p><h6>Ka\u015f kald\u0131rma esteti\u011fi hangi durumlarda tercih edilmelidir?<\/h6><p>Ka\u015f kald\u0131rma esteti\u011fi aln\u0131n\u0131zda olu\u015fan k\u0131r\u0131\u015f\u0131kl\u0131klar\u0131n giderilmesi, d\u00fc\u015f\u00fck ka\u015f, \u00e7at\u0131k ka\u015f ve g\u00f6z kapa\u011f\u0131n\u0131n verdi\u011fi ifadenin de\u011fi\u015ftirilmesi durumlar\u0131nda tercih edilmelidir. Ki\u015fi bu durumlardan \u015fikayet\u00e7i ise veya daha \u00f6nce ya\u015fam\u0131\u015f bir hastal\u0131\u011f\u0131ndan dolay\u0131 ka\u015flar\u0131nda ifade de\u011fi\u015fikli\u011fi olu\u015ftuysa bu ameliyat uygulanmas\u0131 gereken bir ameliyat olacakt\u0131r.<\/p><h6>Ka\u015f kald\u0131rma ameliyat\u0131 ne kadar s\u00fcrer?<\/h6><p>Ka\u015f kald\u0131rma esteti\u011fi uygulanacak i\u015fleme ba\u011fl\u0131 olarak yirmi dakika ile bir saat aras\u0131nda de\u011fi\u015fmektedir. Ka\u015f kald\u0131rma ameliyat\u0131 lokal anestezi ve genel anestezi yard\u0131m\u0131 ile yap\u0131labilmektedir. \u0130\u015flemin ard\u0131ndan hasta rahatl\u0131kla evine gidebilir ve i\u015f hayat\u0131na d\u00f6nebilir. Ka\u015f kald\u0131rma \u00e7ok iyi sonu\u00e7lar al\u0131nabilen bir ameliyatt\u0131r ve hastan\u0131n istedi\u011fi gibi bir ka\u015f \u015fekli \u00e7ok rahat bir \u015fekilde verilebilir.<\/p><h6>Ka\u015f kald\u0131rma esteti\u011fi ameliyat\u0131ndan sonra neler ya\u015far\u0131m?<\/h6><p>Ka\u015f kald\u0131rma esteti\u011fi i\u015flemleri \u00e7ok rahat bir \u015fekilde ger\u00e7ekle\u015ftirilebilen operasyonlard\u0131r. Ameliyat\u0131n ard\u0131ndan rahatl\u0131kla yemek yiyip, aya\u011fa kalkabilir ve ayn\u0131 g\u00fcn taburcu edilebilirsiniz. Ameliyattan sonra aln\u0131n\u0131zda elastik bir sarg\u0131 olacakt\u0131r ve bu sarg\u0131 ertesi g\u00fcn a\u00e7\u0131l\u0131r. Ard\u0131ndan rahatl\u0131kla banyonuzu yapabilir, i\u015finize d\u00f6nebilirsiniz. Ameliyattan belli s\u00fcreler sonra kontrole gelmeniz gerecektir. \u00c7\u00fcnk\u00fc bu kontrollerde ka\u015f\u0131n yeni g\u00f6r\u00fcn\u00fcm\u00fcne al\u0131\u015f\u0131p al\u0131\u015fmad\u0131\u011f\u0131na bak\u0131lacakt\u0131r. Ameliyattan sonra ka\u015f\u0131n\u0131z\u0131 \u00e7ok fazla yormaman\u0131z ve mimik yaparken dikkat etmeniz gerekecektir.<\/p><h6>Ka\u015f kald\u0131rma esteti\u011finden sonra sonu\u00e7ta bir de\u011fi\u015fiklik olur mu?<\/h6><p>Ka\u015f kald\u0131rma operasyonundan sonra ya\u015fl\u0131l\u0131k s\u00fcreciniz ve yer\u00e7ekiminin olumsuz etkileri g\u00f6z \u00f6n\u00fcne al\u0131nd\u0131\u011f\u0131nda ka\u015flar\u0131n\u0131zda bir miktar d\u00fc\u015f\u00fc\u015f g\u00f6zlenebilir. Ancak bu i\u015flem uzun s\u00fcre kal\u0131c\u0131l\u0131\u011f\u0131 olan i\u015flemlerdir ve bu sebeple uzun s\u00fcre kal\u0131c\u0131l\u0131\u011f\u0131 devam edecektir.<\/p>\t\t\t\t\t\t<\/div>\n\t\t\t\t<\/div>\n\t\t\t\t\t<\/div>\n\t\t<\/div>\n\t\t\t\t\t<\/div>\n\t\t<\/section>\n\t\t\t\t<\/div>\n\t\t","protected":false},"excerpt":{"rendered":"<p>Ka\u015f kald\u0131rma esteti\u011fi y\u00fcz\u00fcn ifadesini de\u011fi\u015ftiren, formunu kaybeden, yorgun g\u00f6steren ka\u015flara yap\u0131lan bir operasyondur. Bu operasyon sayesinde y\u00fcz ve g\u00f6z g\u00fczelli\u011fini ortaya \u00e7\u0131kartan ka\u015flar dinlenmi\u015f, gen\u00e7, taze, ayd\u0131nl\u0131k ve a\u00e7\u0131k bir g\u00f6r\u00fcnt\u00fcye kavu\u015facakt\u0131r. Zamanla aln\u0131m\u0131zda olu\u015fan dikey ve yatay \u00e7izgiler [&hellip;]<\/p>\n","protected":false},"author":1,"featured_media":0,"parent":0,"menu_order":0,"comment_status":"closed","ping_status":"closed","template":"","meta":{"footnotes":""},"_links":{"self":[{"href":"https:\/\/asiaesthetic.com\/tr\/wp-json\/wp\/v2\/pages\/51"}],"collection":[{"href":"https:\/\/asiaesthetic.com\/tr\/wp-json\/wp\/v2\/pages"}],"about":[{"href":"https:\/\/asiaesthetic.com\/tr\/wp-json\/wp\/v2\/types\/page"}],"author":[{"embeddable":true,"href":"https:\/\/asiaesthetic.com\/tr\/wp-json\/wp\/v2\/users\/1"}],"replies":[{"embeddable":true,"href":"https:\/\/asiaesthetic.com\/tr\/wp-json\/wp\/v2\/comments?post=51"}],"version-history":[{"count":4,"href":"https:\/\/asiaesthetic.com\/tr\/wp-json\/wp\/v2\/pages\/51\/revisions"}],"predecessor-version":[{"id":355,"href":"https:\/\/asiaesthetic.com\/tr\/wp-json\/wp\/v2\/pages\/51\/revisions\/355"}],"wp:attachment":[{"href":"https:\/\/asiaesthetic.com\/tr\/wp-json\/wp\/v2\/media?parent=51"}],"curies":[{"name":"wp","href":"https:\/\/api.w.org\/{rel}","templated":true}]}}