{"id":64,"date":"2020-07-21T20:55:29","date_gmt":"2020-07-21T17:55:29","guid":{"rendered":"http:\/\/asiaesthetic.com\/tr\/?page_id=64"},"modified":"2020-07-24T10:12:48","modified_gmt":"2020-07-24T07:12:48","slug":"liposuction","status":"publish","type":"page","link":"https:\/\/asiaesthetic.com\/tr\/liposuction","title":{"rendered":"Liposuction"},"content":{"rendered":"\t\t<div data-elementor-type=\"wp-page\" data-elementor-id=\"64\" class=\"elementor elementor-64\" data-elementor-post-type=\"page\">\n\t\t\t\t\t\t<section class=\"elementor-section elementor-top-section elementor-element elementor-element-6542248 elementor-section-boxed elementor-section-height-default elementor-section-height-default wpr-particle-no wpr-jarallax-no wpr-parallax-no wpr-sticky-section-no mkdf-parallax-row-no mkdf-content-aligment-left mkdf-elementor-row-grid-no mkdf-disabled-bg-image-bellow-no\" data-id=\"6542248\" data-element_type=\"section\">\n\t\t\t\t\t\t<div class=\"elementor-container elementor-column-gap-default\">\n\t\t\t\t\t<div class=\"elementor-column elementor-col-100 elementor-top-column elementor-element elementor-element-08a8306\" data-id=\"08a8306\" data-element_type=\"column\">\n\t\t\t<div class=\"elementor-widget-wrap elementor-element-populated\">\n\t\t\t\t\t\t<div class=\"elementor-element elementor-element-6478841 elementor-widget elementor-widget-text-editor\" data-id=\"6478841\" data-element_type=\"widget\" data-widget_type=\"text-editor.default\">\n\t\t\t\t<div class=\"elementor-widget-container\">\n\t\t\t\t\t\t\tLiposuction yani ya\u011f alma ilk olarak 1980 y\u0131l\u0131nda yap\u0131lan ve g\u00fcn\u00fcm\u00fcze kadar devam eden estetik cerrahi bir operasyondur. Cildin alt\u0131nda kalan fazla ya\u011f\u0131n \u00f6zel kan\u00fcller ile vakum veya \u00f6zel olarak haz\u0131rlanan enjekt\u00f6rler yard\u0131m\u0131yla emilmesi y\u00f6ntemine liposuction denir. Liposuction, v\u00fccudumuzdaki dengesiz ya\u011f da\u011f\u0131l\u0131m\u0131n\u0131 d\u00fczenlemeye yarayan cerrahi i\u015flemdir. Bu operasyonda ki ama\u00e7 kilo verdirmek de\u011fil, b\u00fct\u00fcn diyet ve egzersizlere uyulmas\u0131na kar\u015f\u0131n yan\u0131t al\u0131namayan inat\u00e7\u0131 ya\u011flar\u0131n giderilmesini sa\u011flamakt\u0131r. Liposuction sayesinde v\u00fccudunuz da \u015fekillenecektir. Liposuction operasyonunun s\u00fcresi 15-20 dakika ile 1-2 saat aras\u0131nda de\u011fi\u015fmekte ve bu s\u00fcre probleme ba\u011fl\u0131 olarak de\u011fi\u015fmektedir. Liposuction \u00e7o\u011funlukla normal kilosu olan veya da normalin biraz \u00fczerinde kilosu olan ki\u015filerde fakat b\u00f6lgesel ya\u011flanman\u0131n k\u00f6t\u00fc g\u00f6r\u00fcnt\u00fcs\u00fcnden rahats\u0131z olan ki\u015filerde en m\u00fckemmel sonucu vermektedir. Hormonsal ve genetik nedenlerden dolay\u0131 kad\u0131nlarda ve erkeklerde ya\u011flar birbirinden farkl\u0131 b\u00f6lgelerde depolanmaktad\u0131r. Kad\u0131nlarda kar\u0131n, kal\u00e7a ve uyluk b\u00f6lgesi, erkeklerde ise kar\u0131n etraf\u0131nda g\u00f6r\u00fclmektedir. Egzersiz ve diyet yap\u0131larak kilo kayb\u0131 ile bu b\u00f6lgelerin k\u00fc\u00e7\u00fclmesi d\u00fc\u015f\u00fcn\u00fcl\u00fcr. Fakat bu b\u00f6lgelerde egzersiz ve diyet yard\u0131m\u0131 ile belirgin bir de\u011fi\u015fiklik g\u00f6r\u00fclmez. Bu b\u00f6lgelerde ki ya\u011flardan kurtulman\u0131n tek yolu Liposuction ameliyat\u0131d\u0131r. Liposuction sadece kar\u0131n, bel ve basen b\u00f6lgesi i\u00e7in de\u011fil boyun, \u00e7ene alt\u0131, memeler, kollar, bacaklar ve diz \u00e7evresindeki ya\u011flar i\u00e7inde uygulanmaktad\u0131r.\n<h6>Herkes Liposuction yapt\u0131rabilir mi?<\/h6>\n<img decoding=\"async\" class=\"alignright size-full wp-image-238\" src=\"http:\/\/reaxion.website\/asia\/wp-content\/uploads\/2020\/07\/lipo-anasayfa1.png\" alt=\"\" width=\"300\" srcset=\"https:\/\/asiaesthetic.com\/tr\/wp-content\/uploads\/2020\/07\/lipo-anasayfa1.png 500w, https:\/\/asiaesthetic.com\/tr\/wp-content\/uploads\/2020\/07\/lipo-anasayfa1-300x268.png 300w\" sizes=\"(max-width: 500px) 100vw, 500px\" \/>Liposuction i\u00e7in en iyi aday, ger\u00e7ek\u00e7i beklentileri olan ve sa\u011fl\u0131kl\u0131 d\u00fc\u015f\u00fcn\u00fclebilen, liposuction sonu\u00e7lar\u0131 ile mutlu olabilen ki\u015filerdir. Liposuction operasyonu i\u00e7in ki\u015filer 18 ya\u015f\u0131ndan b\u00fcy\u00fck olmal\u0131d\u0131r. Bunun sebebi yasal nedenlerden dolay\u0131 olu\u015fan ya\u015f s\u0131n\u0131r\u0131d\u0131r. Bu konuda gereken yard\u0131m\u0131 cerrahlar\u0131m\u0131z sizlere yapacaklard\u0131r. K\u0131sacas\u0131 sa\u011fl\u0131kl\u0131 beslenme, diyet ve egzersiz programlar\u0131na d\u00fczenli olarak uyulmas\u0131na kar\u015f\u0131n kurtulamayan ve sa\u011fl\u0131k sorunu olmayan herkes liposuction yapt\u0131rabilir.\n<h6>Liposuction uygulamas\u0131nda risk var m\u0131d\u0131r?<\/h6>\nLiposuction uygulamas\u0131 son derece g\u00fcvenilir bir operasyondur ve ciddi bir riski ve komplikasyonu g\u00f6r\u00fclmemektedir. Yaln\u0131zca her cerrahi i\u015flemde g\u00f6r\u00fcnebilecek olan sinir hasar\u0131, enfeksiyon, kanama, deri \u00fclserasyonlar\u0131 gibi riskler vard\u0131r. Fakat bunlar\u0131n olu\u015fma olas\u0131l\u0131\u011f\u0131 yok denilecek kadar azd\u0131r.\n<h6>Liposuction operasyonundan sonra a\u011fr\u0131 hisseder miyim?<\/h6>\nLiposuction operasyonundan \u00f6nce lokal anestezikler ve infiltrasyon yap\u0131l\u0131r. Bu sayede de di\u011fer ameliyatlara g\u00f6re a\u011fr\u0131 hissetme olas\u0131l\u0131\u011f\u0131 \u00e7ok azd\u0131r. Ameliyat sonras\u0131nda hafif bir a\u011fr\u0131 hissetseniz bile bu a\u011fr\u0131 g\u00fcnl\u00fck a\u011fr\u0131 kesiciler yard\u0131m\u0131 ile hemen kontrol alt\u0131na al\u0131nabilmektedir.\n<h6>Liposuction operasyonu ile ne kadar ya\u011f ald\u0131rabilirim?<\/h6>\nLiposuction ile ya\u011f al\u0131nma miktar\u0131n\u0131 problemin \u015fiddeti, ki\u015finin ya\u015f\u0131 ve sa\u011fl\u0131k durumu belirlemektedir. Liposuction ile bazen 300 ile 500 gram aras\u0131nda al\u0131nan ya\u011f bile etkili sonu\u00e7 verirken baz\u0131 ki\u015filerde 12 litre kadar da almak gerekmektedir. Ortalama olarak al\u0131nmas\u0131 gereken ya\u011f ise 5 ile 10 litre aras\u0131 olmal\u0131d\u0131r. Kar\u0131n b\u00f6lgesinden 2-3 litre, kal\u00e7adan 4 litre, belden 3 litre kadar ya\u011f al\u0131nabilir. Ya\u011f al\u0131m\u0131n\u0131n ger\u00e7ekle\u015fti\u011fi s\u0131rada ki\u015fiye kaybetti\u011fi bu s\u0131v\u0131 damar yolundan verilmelidir.\n<h6>Liposuction operasyonundan ne kadar s\u00fcre sonra iyile\u015firim?<\/h6>\nLiposuction ameliyat\u0131 g\u00fcnl\u00fck ya\u015fant\u0131n\u0131z\u0131 \u00e7ok fazla etkileyen bir operasyon de\u011fildir. 1 g\u00fcn hastanede dinlendikten sonra sizlere verilen korseyi giymeniz gerekmektedir. Bu korseyi bir ay kadar d\u00fczenli kullanman\u0131z gerekecektir. Korseyi bir ay d\u00fczenli kullanaca\u011f\u0131n\u0131z i\u00e7in iyile\u015fme s\u00fcrecinize bir ay diyebiliriz. Bu s\u00fcre\u00e7ten sonra normal hayat\u0131n\u0131za rahatl\u0131kla devam edebilirsiniz. Liposuction operasyonunda \u00e7ok k\u00fc\u00e7\u00fck kesiler uygulanaca\u011f\u0131 i\u00e7in herhangi bir a\u011fr\u0131 da hissetmeyeceksiniz. Bu kesiler tamamen iyile\u015fir veya silik bir nokta boyutunda g\u00f6r\u00fcl\u00fcr yani operasyondan sonra v\u00fccudunuzda iz kalmaz.\t\t\t\t\t\t<\/div>\n\t\t\t\t<\/div>\n\t\t\t\t\t<\/div>\n\t\t<\/div>\n\t\t\t\t\t<\/div>\n\t\t<\/section>\n\t\t\t\t<\/div>\n\t\t","protected":false},"excerpt":{"rendered":"<p>Liposuction yani ya\u011f alma ilk olarak 1980 y\u0131l\u0131nda yap\u0131lan ve g\u00fcn\u00fcm\u00fcze kadar devam eden estetik cerrahi bir operasyondur. Cildin alt\u0131nda kalan fazla ya\u011f\u0131n \u00f6zel kan\u00fcller ile vakum veya \u00f6zel olarak haz\u0131rlanan enjekt\u00f6rler yard\u0131m\u0131yla emilmesi y\u00f6ntemine liposuction denir. Liposuction, v\u00fccudumuzdaki dengesiz [&hellip;]<\/p>\n","protected":false},"author":1,"featured_media":0,"parent":0,"menu_order":0,"comment_status":"closed","ping_status":"closed","template":"","meta":{"footnotes":""},"_links":{"self":[{"href":"https:\/\/asiaesthetic.com\/tr\/wp-json\/wp\/v2\/pages\/64"}],"collection":[{"href":"https:\/\/asiaesthetic.com\/tr\/wp-json\/wp\/v2\/pages"}],"about":[{"href":"https:\/\/asiaesthetic.com\/tr\/wp-json\/wp\/v2\/types\/page"}],"author":[{"embeddable":true,"href":"https:\/\/asiaesthetic.com\/tr\/wp-json\/wp\/v2\/users\/1"}],"replies":[{"embeddable":true,"href":"https:\/\/asiaesthetic.com\/tr\/wp-json\/wp\/v2\/comments?post=64"}],"version-history":[{"count":4,"href":"https:\/\/asiaesthetic.com\/tr\/wp-json\/wp\/v2\/pages\/64\/revisions"}],"predecessor-version":[{"id":361,"href":"https:\/\/asiaesthetic.com\/tr\/wp-json\/wp\/v2\/pages\/64\/revisions\/361"}],"wp:attachment":[{"href":"https:\/\/asiaesthetic.com\/tr\/wp-json\/wp\/v2\/media?parent=64"}],"curies":[{"name":"wp","href":"https:\/\/api.w.org\/{rel}","templated":true}]}}