{"id":85,"date":"2020-07-21T21:05:32","date_gmt":"2020-07-21T18:05:32","guid":{"rendered":"http:\/\/asiaesthetic.com\/tr\/?page_id=85"},"modified":"2020-07-24T10:23:01","modified_gmt":"2020-07-24T07:23:01","slug":"meme-kucultme","status":"publish","type":"page","link":"https:\/\/asiaesthetic.com\/tr\/meme-kucultme","title":{"rendered":"Meme K\u00fc\u00e7\u00fcltme"},"content":{"rendered":"\t\t<div data-elementor-type=\"wp-page\" data-elementor-id=\"85\" class=\"elementor elementor-85\" data-elementor-post-type=\"page\">\n\t\t\t\t\t\t<section class=\"elementor-section elementor-top-section elementor-element elementor-element-6542248 elementor-section-boxed elementor-section-height-default elementor-section-height-default wpr-particle-no wpr-jarallax-no wpr-parallax-no wpr-sticky-section-no mkdf-parallax-row-no mkdf-content-aligment-left mkdf-elementor-row-grid-no mkdf-disabled-bg-image-bellow-no\" data-id=\"6542248\" data-element_type=\"section\">\n\t\t\t\t\t\t<div class=\"elementor-container elementor-column-gap-default\">\n\t\t\t\t\t<div class=\"elementor-column elementor-col-100 elementor-top-column elementor-element elementor-element-08a8306\" data-id=\"08a8306\" data-element_type=\"column\">\n\t\t\t<div class=\"elementor-widget-wrap elementor-element-populated\">\n\t\t\t\t\t\t<div class=\"elementor-element elementor-element-6478841 elementor-widget elementor-widget-text-editor\" data-id=\"6478841\" data-element_type=\"widget\" data-widget_type=\"text-editor.default\">\n\t\t\t\t<div class=\"elementor-widget-container\">\n\t\t\t\t\t\t\t<p>Meme k\u00fc\u00e7\u00fcltme ameliyat\u0131 memelerin normalden daha b\u00fcy\u00fck oldu\u011fu hamilelikte, a\u015f\u0131r\u0131 kilo ve emzirme ile ilgili durumlarda ihtiya\u00e7 duyulan i\u015flemlerdir. Meme b\u00fcy\u00fckl\u00fc\u011f\u00fc estetik bir ameliyat oldu\u011fu kadar ciddi bir sa\u011fl\u0131k problemi de yaratmaktad\u0131r. \u00c7\u00fcnk\u00fc b\u00fcy\u00fck memeler s\u0131rt a\u011fr\u0131s\u0131, boyun a\u011fr\u0131s\u0131, omuz a\u011fr\u0131s\u0131, bedensel aktivitelerin k\u0131s\u0131tlanmas\u0131, meme alt\u0131nda olu\u015fan yara, istenilen k\u0131yafetlerin giyilememesi ve s\u00fctyen ask\u0131lar\u0131n\u0131n omuzlar\u0131 kesmesi gibi problemler ortaya \u00e7\u0131karmaktad\u0131r. Bu durumdan rahats\u0131z olan ki\u015filerin bu rahats\u0131zl\u0131klar\u0131n\u0131n yok edilmesi amac\u0131yla memelere dolgunluk veren doku, ya\u011f ve cilt b\u00f6l\u00fcm\u00fcn\u00fcn bir k\u0131sm\u0131 al\u0131n\u0131r. Ard\u0131ndan memelerin v\u00fccutla olan orant\u0131s\u0131 sa\u011flan\u0131r. Memelerinizin ikisi de e\u015fit b\u00fcy\u00fckl\u00fc\u011fe sahip olmayabilir. Meme k\u00fc\u00e7\u00fcltme ameliyatlar\u0131nda da simetrinin sa\u011flanmas\u0131 ad\u0131na iki memeye de de\u011fi\u015fik operasyon teknikleri uygulanabilir. Meme k\u00fc\u00e7\u00fcltme ameliyat\u0131na ba\u015flamadan \u00f6nce hastan\u0131n boyu ve memesinin a\u011f\u0131rl\u0131\u011f\u0131 hesaplanarak ona g\u00f6re yeni memelerin \u00e7izimi yap\u0131l\u0131r. Sonras\u0131nda hastaya genel anestezi y\u00f6ntemi uygulanarak meme dokusu ve fazla deri al\u0131n\u0131r. Meme k\u00fc\u00e7\u00fcltme ameliyat\u0131 yakla\u015f\u0131k olarak iki ile d\u00f6rt saat aras\u0131nda s\u00fcrmektedir. Ameliyattan sonra ki ilk g\u00fcnler boyunca kol hareketlerinde hafif a\u011fr\u0131lar olsa bile bu a\u011fr\u0131lar ge\u00e7ici a\u011fr\u0131lard\u0131r. Ameliyat\u0131n ard\u0131ndan iki hafta sonra hastan\u0131n diki\u015fleri al\u0131n\u0131r ve yine bu s\u00fcre sonunda hastalar i\u015flerine rahatl\u0131kla d\u00f6nebileceklerdir.<\/p><h6>Meme k\u00fc\u00e7\u00fcltme ameliyat\u0131 olmadan \u00f6nce nelere dikkat etmeliyim?<\/h6><p><img fetchpriority=\"high\" decoding=\"async\" class=\"alignright size-full wp-image-376\" src=\"http:\/\/reaxion.website\/asia\/wp-content\/uploads\/2020\/07\/meme-kucultme-1.png\" alt=\"\" width=\"300\" height=\"268\" \/>Meme k\u00fc\u00e7\u00fcltme ameliyat\u0131 yap\u0131lmadan \u00f6nce ilk yapman\u0131z gereken \u015fey kesinlikle meme ultrasonunun \u00e7ekilmesidir. Ard\u0131ndan ameliyattan iki hafta \u00f6ncesinde aspirin, kan suland\u0131r\u0131c\u0131lar ve baz\u0131 a\u011fr\u0131 kesicileri kullanmay\u0131 b\u0131rakman\u0131z gerekmektedir. E vitamini, ye\u015fil \u00e7ay, ginseng, bitki \u00e7atlar\u0131 ve keten tohumu gibi kan suland\u0131r\u0131c\u0131lar\u0131nda kullan\u0131lmamas\u0131 \u00f6nemlidir. Ayr\u0131ca ameliyat olmadan bir hafta kadar \u00f6ncesinde sigaray\u0131 b\u0131rakmakta tavsiye edilmektedir. Aksi takdirde yaralar\u0131n iyile\u015fmesi zaman alacakt\u0131r.<\/p><h6>Meme k\u00fc\u00e7\u00fcltme ameliyat\u0131ndan sonra v\u00fccudumda iz kalacak m\u0131?<\/h6><p>Bir\u00e7ok estetik ameliyatta olaca\u011f\u0131 gibi meme k\u00fc\u00e7\u00fcltme ameliyat\u0131nda da k\u00fc\u00e7\u00fck boyutlarda izler kalacakt\u0131r. Meme k\u00fc\u00e7\u00fcltme ameliyat\u0131nda ters t \u015feklinde bir iz kal\u0131r. Bu iz meme ba\u015f\u0131 halkas\u0131n\u0131n etraf\u0131nda kald\u0131\u011f\u0131ndan renk de\u011fi\u015fimi b\u00f6lgesine denk geldi\u011fi i\u00e7in hi\u00e7 belli olmayacakt\u0131r. G\u00f6\u011f\u00fcs alt\u0131nda kalan izler ise zamanla incecik ve hi\u00e7 belirgin olmayan silik \u00e7izgilere d\u00f6n\u00fc\u015fecektir.<\/p><h6>Meme k\u00fc\u00e7\u00fcltme ameliyat\u0131 olmay\u0131 d\u00fc\u015f\u00fcn\u00fcyorum. Bu emzirmeme engel olur mu?<\/h6><p>Meme k\u00fc\u00e7\u00fcltme ameliyat\u0131ndan sonra emziren bir bayan\u0131n tekrar emzirebilme olas\u0131l\u0131\u011f\u0131 g\u00fcn\u00fcm\u00fcz teknikleriyle daha da artm\u0131\u015ft\u0131r. Meme k\u00fc\u00e7\u00fcltme ameliyat\u0131nda \u00f6zellikle iri memelere sahip olan kad\u0131nlar\u0131n meme bezlerinin bir k\u0131sm\u0131 al\u0131nmaktad\u0131r. Fakat meme bezlerinin bir k\u0131sm\u0131n\u0131n al\u0131nmas\u0131 s\u00fct verme fonksiyonlar\u0131nda herhangi bir de\u011fi\u015fikli\u011fe yol a\u00e7mamaktad\u0131r. Do\u011fumdan sonra ki s\u00fcre\u00e7 i\u00e7in meme k\u00fc\u00e7\u00fcltme ameliyat\u0131 olmay\u0131 d\u00fc\u015f\u00fcn\u00fcyor iseniz emzirme d\u00f6neminiz bittikten en az 6 ay sonras\u0131nda rahatl\u0131kla ameliyat olmay\u0131 d\u00fc\u015f\u00fcnebilirsiniz.<\/p><h6>Meme k\u00fc\u00e7\u00fcltme ameliyat\u0131ndan sonraki d\u00f6nemde neler ya\u015far\u0131m?<\/h6><p>Meme k\u00fc\u00e7\u00fcltme ameliyat\u0131 \u00e7ok a\u011fr\u0131 hissedece\u011finiz bir ameliyat olmayacakt\u0131r. Hasta meme k\u00fc\u00e7\u00fcltme ameliyat\u0131n\u0131n ard\u0131ndan bir gece kontrol ama\u00e7l\u0131 hastanede kald\u0131ktan sonra ertesi g\u00fcn evine gidebilir. Meme k\u00fc\u00e7\u00fcltme ameliyat\u0131n\u0131n ard\u0131ndan hasta hi\u00e7bir a\u011fr\u0131 hissetmeyece\u011fi i\u00e7in bu s\u00fcreci son derece rahat atlatacakt\u0131r. B\u00fct\u00fcn meme ameliyatlar\u0131nda oldu\u011fu gibi meme k\u00fc\u00e7\u00fcltmede de diren kullan\u0131lmakta, direnler 24 saat sonra \u00e7\u0131kart\u0131lmaktad\u0131r. Hastaya ameliyattan sonra bant takt\u0131r\u0131labilirken genellikle bir ay boyunca sporcu s\u00fctyeni takmas\u0131 da istenilebilir. Operasyon diki\u015fleri deri alt\u0131nda kalan ve kendili\u011finden eriyen diki\u015fler olaca\u011f\u0131 i\u00e7in diki\u015flerin al\u0131nmas\u0131na da gerek olmayacakt\u0131r. Hastalar bir hafta kadar dinlendikten sonra i\u015flerine rahatl\u0131kla d\u00f6nebilirler. Ameliyat\u0131n ard\u0131ndan belirli bir s\u00fcre boyunca kol hareketlerine dikkat edilmeli ve \u00e7ok a\u011f\u0131r \u015feyler kald\u0131rmamas\u0131 \u00f6nerilmektedir.<\/p><h6>Meme k\u00fc\u00e7\u00fcltme ameliyat\u0131ndan sonra ki sonu\u00e7lar kal\u0131c\u0131 olacak m\u0131?<\/h6><p>Meme k\u00fc\u00e7\u00fcltme ameliyat\u0131ndan sonra sonu\u00e7lar \u00f6m\u00fcr boyu s\u00fcrecektir. Bu yeni v\u00fccudunuza orant\u0131l\u0131 g\u00f6r\u00fcnt\u00fcn\u00fcz kendinize olan \u00f6zg\u00fcveninizi de artt\u0131racakt\u0131r. Ameliyattan \u00f6nceki a\u011fr\u0131l\u0131 halinizden de kurtulmu\u015f olacaks\u0131n\u0131z. Fakat yine de ameliyat sonras\u0131nda sigara kullan\u0131m\u0131n\u0131za, deri kalitenize, genetik fakt\u00f6rlerinize, egzersiz, su i\u00e7imi ve alkol kullan\u0131m\u0131n\u0131za dikkat etmeniz s\u00fcrece etkili olacakt\u0131r.<\/p>\t\t\t\t\t\t<\/div>\n\t\t\t\t<\/div>\n\t\t\t\t\t<\/div>\n\t\t<\/div>\n\t\t\t\t\t<\/div>\n\t\t<\/section>\n\t\t\t\t<\/div>\n\t\t","protected":false},"excerpt":{"rendered":"<p>Meme k\u00fc\u00e7\u00fcltme ameliyat\u0131 memelerin normalden daha b\u00fcy\u00fck oldu\u011fu hamilelikte, a\u015f\u0131r\u0131 kilo ve emzirme ile ilgili durumlarda ihtiya\u00e7 duyulan i\u015flemlerdir. Meme b\u00fcy\u00fckl\u00fc\u011f\u00fc estetik bir ameliyat oldu\u011fu kadar ciddi bir sa\u011fl\u0131k problemi de yaratmaktad\u0131r. \u00c7\u00fcnk\u00fc b\u00fcy\u00fck memeler s\u0131rt a\u011fr\u0131s\u0131, boyun a\u011fr\u0131s\u0131, omuz [&hellip;]<\/p>\n","protected":false},"author":1,"featured_media":0,"parent":0,"menu_order":0,"comment_status":"closed","ping_status":"closed","template":"","meta":{"footnotes":""},"_links":{"self":[{"href":"https:\/\/asiaesthetic.com\/tr\/wp-json\/wp\/v2\/pages\/85"}],"collection":[{"href":"https:\/\/asiaesthetic.com\/tr\/wp-json\/wp\/v2\/pages"}],"about":[{"href":"https:\/\/asiaesthetic.com\/tr\/wp-json\/wp\/v2\/types\/page"}],"author":[{"embeddable":true,"href":"https:\/\/asiaesthetic.com\/tr\/wp-json\/wp\/v2\/users\/1"}],"replies":[{"embeddable":true,"href":"https:\/\/asiaesthetic.com\/tr\/wp-json\/wp\/v2\/comments?post=85"}],"version-history":[{"count":4,"href":"https:\/\/asiaesthetic.com\/tr\/wp-json\/wp\/v2\/pages\/85\/revisions"}],"predecessor-version":[{"id":380,"href":"https:\/\/asiaesthetic.com\/tr\/wp-json\/wp\/v2\/pages\/85\/revisions\/380"}],"wp:attachment":[{"href":"https:\/\/asiaesthetic.com\/tr\/wp-json\/wp\/v2\/media?parent=85"}],"curies":[{"name":"wp","href":"https:\/\/api.w.org\/{rel}","templated":true}]}}