{"id":86,"date":"2020-07-21T21:05:34","date_gmt":"2020-07-21T18:05:34","guid":{"rendered":"http:\/\/asiaesthetic.com\/tr\/?page_id=86"},"modified":"2020-07-24T10:23:02","modified_gmt":"2020-07-24T07:23:02","slug":"meme-diklestirme","status":"publish","type":"page","link":"https:\/\/asiaesthetic.com\/tr\/meme-diklestirme","title":{"rendered":"Meme Dikle\u015ftirme"},"content":{"rendered":"\t\t<div data-elementor-type=\"wp-page\" data-elementor-id=\"86\" class=\"elementor elementor-86\" data-elementor-post-type=\"page\">\n\t\t\t\t\t\t<section class=\"elementor-section elementor-top-section elementor-element elementor-element-6542248 elementor-section-boxed elementor-section-height-default elementor-section-height-default wpr-particle-no wpr-jarallax-no wpr-parallax-no wpr-sticky-section-no mkdf-parallax-row-no mkdf-content-aligment-left mkdf-elementor-row-grid-no mkdf-disabled-bg-image-bellow-no\" data-id=\"6542248\" data-element_type=\"section\">\n\t\t\t\t\t\t<div class=\"elementor-container elementor-column-gap-default\">\n\t\t\t\t\t<div class=\"elementor-column elementor-col-100 elementor-top-column elementor-element elementor-element-08a8306\" data-id=\"08a8306\" data-element_type=\"column\">\n\t\t\t<div class=\"elementor-widget-wrap elementor-element-populated\">\n\t\t\t\t\t\t<div class=\"elementor-element elementor-element-6478841 elementor-widget elementor-widget-text-editor\" data-id=\"6478841\" data-element_type=\"widget\" data-widget_type=\"text-editor.default\">\n\t\t\t\t<div class=\"elementor-widget-container\">\n\t\t\t\t\t\t\t<p>Meme dikle\u015ftirme esteti\u011fi yani mastopeksi; sark\u0131k durumda olan memelerin dikle\u015ftirilerek estetik bir g\u00f6r\u00fcn\u00fcme kavu\u015fturulmas\u0131, beden \u00f6l\u00e7\u00fclerine uyumun yakalanmas\u0131, do\u011fal g\u00f6r\u00fcn\u00fcml\u00fc ve simetrik memeler elde edilmesi amac\u0131yla yap\u0131lmaktad\u0131r. Meme dikle\u015ftirme operasyonlar\u0131, memelerinde sarkmalar olan, do\u011fum yapm\u0131\u015f veya da yapmam\u0131\u015f b\u00fct\u00fcn kad\u0131nlara uygulanabilen operasyonlard\u0131r. Memeler de sarkmalar\u0131n nedenleri yap\u0131sal olarak da g\u00f6r\u00fclebilece\u011fi gibi, kilo al\u0131p verme durumunda, do\u011fum yapt\u0131ktan sonra ki d\u00f6nemde ve ya\u015fa ba\u011fl\u0131 olarak yer \u00e7ekiminin etkisiyle de g\u00f6r\u00fclebilmektedir. Memenizi sark\u0131kl\u0131k durumunu anlamak i\u00e7in ilk \u00f6nce aynan\u0131n kar\u015f\u0131s\u0131na ge\u00e7melisiniz ve ard\u0131ndan meme ucunuz ile meme alt\u0131 \u00e7izginizi de\u011ferlendirerek sarkma olup olmad\u0131\u011f\u0131n\u0131 anlayabilirsiniz. Meme pitozu denilen memenin sark\u0131kl\u0131k durumu \u00e7o\u011funlukla 4 grupta s\u0131n\u0131fland\u0131r\u0131lmaktad\u0131r. Bu 4 grup; hafif, orta, a\u011f\u0131r ve yalanc\u0131 pitozdur. Meme ba\u015f\u0131, meme alt\u0131 \u00e7izgisinin hizas\u0131ndad\u0131r veya da 1 cm kadar alt\u0131ndaysa hafiftir. Meme ba\u015f\u0131, meme alt\u0131 \u00e7izgisinden 1-3 cm kadar a\u015fa\u011f\u0131daysa ortad\u0131r. Meme ba\u015f\u0131, 3 cm\u2019den daha alt taraflara yerle\u015fmi\u015fse a\u011f\u0131r pitozdur. Meme ba\u015f\u0131, normal meme alt\u0131 \u00e7izgisinin \u00fczerine yerle\u015fmi\u015f fakat memenin taban\u0131 sarkm\u0131\u015f olarak g\u00f6r\u00fcl\u00fcyor ise bu da yalanc\u0131 pitozdur.<\/p><h6>Meme dikle\u015ftirme ameliyat\u0131n\u0131 ne zaman tercih etmeliyim?<\/h6><p><img fetchpriority=\"high\" decoding=\"async\" class=\"alignright size-full wp-image-377\" src=\"http:\/\/reaxion.website\/asia\/wp-content\/uploads\/2020\/07\/meme-diklestirme-1.png\" alt=\"\" width=\"300\" height=\"268\" \/>Hamilelik, emzirme, an\u0131 kilo de\u011fi\u015fimi ve ya\u015flanma gibi sebeplerden dolay\u0131 memelerde sarkma g\u00f6r\u00fcl\u00fcyorsa, meme ba\u015f\u0131n\u0131zda veya ucunu \u00e7evreleyen dokuda sarkmalar g\u00f6r\u00fcl\u00fcyorsa ve doktorunuzda yaln\u0131zca protez kullanarak memeye arzu edilen \u015feklin verilmesinin m\u00fcmk\u00fcn olmayaca\u011f\u0131n\u0131 d\u00fc\u015f\u00fcn\u00fcyorsa meme dikle\u015ftirme operasyonunu tercih edebilirsiniz.<\/p><h6>Meme dikle\u015ftirme ameliyat\u0131 nas\u0131l yap\u0131lmaktad\u0131r?<\/h6><p>Meme dikle\u015ftirme ameliyat\u0131 \u00e7ok farkl\u0131 teknikler ile beraber yap\u0131labilmektedir. Birinci tekni\u011fimizde meme ba\u015f\u0131 \u00e7evresine \u201cTers T\u201d \u015feklinde bir kesi yap\u0131l\u0131yor. Bu kesi meme ba\u015f\u0131ndan meme katlant\u0131s\u0131 b\u00f6l\u00fcm\u00fcne kadar dikey olarak inmekte ve katlant\u0131 boyunca da yatay bir \u015fekilde devam etmektedir. Bu teknik genellikle ileri seviyede meme sarkmas\u0131 ya\u015fayan hastalarda kullan\u0131lmaktad\u0131r. \u0130kinci tekni\u011fimizde ise \u201cLolipop\u201d kesi yap\u0131lmaktad\u0131r ve kesi meme ba\u015f\u0131 \u00e7evresinden alt meme katlant\u0131s\u0131na do\u011fru dikey bir \u015fekilde devam etmektedir. Bu teknik genellikle orta sark\u0131kl\u0131kta sarkmalar\u0131 olan memelerin dikle\u015ftirilmesi i\u00e7in kullan\u0131lmaktad\u0131r. Az derece de sarkmas\u0131 g\u00f6r\u00fclen hastalar\u0131m\u0131z i\u00e7inde yaln\u0131zca meme ba\u015f\u0131n\u0131n \u00e7evresine bir kesi yap\u0131l\u0131r. B\u00fct\u00fcn tekniklerde ilk olarak meme ba\u015f\u0131n\u0131n etraf\u0131nda yer alan dokular serbestle\u015ftirilir. Ard\u0131ndan \u00e7evre meme dokusundaki fazla doku al\u0131narak memeye yeni \u015fekli verilir. \u015eekil verildikten sonra meme ucu ideal olan yerine dikilebilmektedir.<\/p><h6>Meme dikle\u015ftirme operasyonundan sonra ne kadar s\u00fcrede iyile\u015febilirim?<\/h6><p>Meme dikle\u015ftirme operasyonundan sonra v\u00fccutta ki bandajlar al\u0131nd\u0131\u011f\u0131nda memelerde \u015fi\u015flik g\u00f6r\u00fclebilmektedir. Meme alt\u0131nda kesi olan yerlerde potluk g\u00f6z\u00fckebilir veya bir \u015fekilsizlik g\u00f6r\u00fclebilir. Ameliyat\u0131n bu etkileri bir ay kadar olan s\u00fcrede ge\u00e7mektedir. Ameliyat\u0131n ard\u0131ndan \u00e7ok fazla bir a\u011fr\u0131n\u0131z olmayacakt\u0131r. Fakat bazen memelerde \u015fi\u015flik ve morluklar ya\u015fanabilir. Bunlar k\u0131sa s\u00fcrede ge\u00e7en rahats\u0131zl\u0131klard\u0131r. Ameliyat\u0131n ard\u0131ndan g\u00f6\u011fs\u00fcn\u00fczde ki bandaj\u0131 3 g\u00fcn kadar kullanman\u0131z tavsiye edilmektedir. Bu s\u00fcrenin sonunda yar\u0131m atlet \u015feklinde olan sporcu s\u00fctyenlerini kullanabilirsiniz. Ameliyat\u0131n ard\u0131ndan kolunuzu \u00e7al\u0131\u015ft\u0131ran egzersizler ve y\u00fczme aktivitelerine bir ay sonra ba\u015flayabilirsiniz. Meme dikle\u015ftirme ameliyatlar\u0131nda eriyen diki\u015fler kullan\u0131ld\u0131\u011f\u0131 i\u00e7in ameliyat\u0131n ard\u0131ndan birde diki\u015flerin al\u0131nmas\u0131 gibi i\u015flemlere de gerek olmayacakt\u0131r. Meme dikle\u015ftirme operasyonunun ard\u0131ndan b\u00fct\u00fcn etkilerin d\u00fczelmesi, tam \u015fekil al\u0131nmas\u0131 ve his kayb\u0131n\u0131n d\u00fczelmesi i\u00e7in 6 ay ile 1 y\u0131l gerekmektedir.<\/p><h6>Meme dikle\u015ftirme operasyonundan sonra hamile kalabilir ve \u00e7ocu\u011fumu emzirebilir miyim?<\/h6><p>Meme dikle\u015ftirme operasyonun da s\u00fct bezleri ve s\u00fct kanallar\u0131 korunmaktad\u0131r. Teknik olarak yap\u0131lacak i\u015flemler do\u011frultusunda s\u00fct verme kabiliyetiniz ve duyunuz son derece iyi bir \u015fekilde korunmaktad\u0131r.<\/p><h6>Do\u011fumdan ne kadar s\u00fcre sonra meme dikle\u015ftirme ameliyat\u0131 olabilirim?<\/h6><p>Emzirme d\u00f6nemi bitiminde yani s\u00fct\u00fcn\u00fcz kesildikten yakla\u015f\u0131k 6 ay sonra meme dikle\u015ftirme ameliyat\u0131 olabilirsiniz. Bu s\u00fcreyi beklemezseniz aksi halde iltihaplanma ya\u015fanabilir ve diki\u015fleriniz a\u00e7\u0131labilir. Bu durumda g\u00f6\u011f\u00fcslerinizde iz kalmas\u0131na sebep olacakt\u0131r.<\/p>\t\t\t\t\t\t<\/div>\n\t\t\t\t<\/div>\n\t\t\t\t\t<\/div>\n\t\t<\/div>\n\t\t\t\t\t<\/div>\n\t\t<\/section>\n\t\t\t\t<\/div>\n\t\t","protected":false},"excerpt":{"rendered":"<p>Meme dikle\u015ftirme esteti\u011fi yani mastopeksi; sark\u0131k durumda olan memelerin dikle\u015ftirilerek estetik bir g\u00f6r\u00fcn\u00fcme kavu\u015fturulmas\u0131, beden \u00f6l\u00e7\u00fclerine uyumun yakalanmas\u0131, do\u011fal g\u00f6r\u00fcn\u00fcml\u00fc ve simetrik memeler elde edilmesi amac\u0131yla yap\u0131lmaktad\u0131r. Meme dikle\u015ftirme operasyonlar\u0131, memelerinde sarkmalar olan, do\u011fum yapm\u0131\u015f veya da yapmam\u0131\u015f b\u00fct\u00fcn kad\u0131nlara [&hellip;]<\/p>\n","protected":false},"author":1,"featured_media":0,"parent":0,"menu_order":0,"comment_status":"closed","ping_status":"closed","template":"","meta":{"footnotes":""},"_links":{"self":[{"href":"https:\/\/asiaesthetic.com\/tr\/wp-json\/wp\/v2\/pages\/86"}],"collection":[{"href":"https:\/\/asiaesthetic.com\/tr\/wp-json\/wp\/v2\/pages"}],"about":[{"href":"https:\/\/asiaesthetic.com\/tr\/wp-json\/wp\/v2\/types\/page"}],"author":[{"embeddable":true,"href":"https:\/\/asiaesthetic.com\/tr\/wp-json\/wp\/v2\/users\/1"}],"replies":[{"embeddable":true,"href":"https:\/\/asiaesthetic.com\/tr\/wp-json\/wp\/v2\/comments?post=86"}],"version-history":[{"count":4,"href":"https:\/\/asiaesthetic.com\/tr\/wp-json\/wp\/v2\/pages\/86\/revisions"}],"predecessor-version":[{"id":381,"href":"https:\/\/asiaesthetic.com\/tr\/wp-json\/wp\/v2\/pages\/86\/revisions\/381"}],"wp:attachment":[{"href":"https:\/\/asiaesthetic.com\/tr\/wp-json\/wp\/v2\/media?parent=86"}],"curies":[{"name":"wp","href":"https:\/\/api.w.org\/{rel}","templated":true}]}}