{"id":87,"date":"2020-07-21T21:05:45","date_gmt":"2020-07-21T18:05:45","guid":{"rendered":"http:\/\/asiaesthetic.com\/tr\/?page_id=87"},"modified":"2020-07-24T10:23:05","modified_gmt":"2020-07-24T07:23:05","slug":"jinekomasti","status":"publish","type":"page","link":"https:\/\/asiaesthetic.com\/tr\/jinekomasti","title":{"rendered":"Jinekomasti"},"content":{"rendered":"\t\t<div data-elementor-type=\"wp-page\" data-elementor-id=\"87\" class=\"elementor elementor-87\" data-elementor-post-type=\"page\">\n\t\t\t\t\t\t<section class=\"elementor-section elementor-top-section elementor-element elementor-element-6542248 elementor-section-boxed elementor-section-height-default elementor-section-height-default wpr-particle-no wpr-jarallax-no wpr-parallax-no wpr-sticky-section-no mkdf-parallax-row-no mkdf-content-aligment-left mkdf-elementor-row-grid-no mkdf-disabled-bg-image-bellow-no\" data-id=\"6542248\" data-element_type=\"section\">\n\t\t\t\t\t\t<div class=\"elementor-container elementor-column-gap-default\">\n\t\t\t\t\t<div class=\"elementor-column elementor-col-100 elementor-top-column elementor-element elementor-element-08a8306\" data-id=\"08a8306\" data-element_type=\"column\">\n\t\t\t<div class=\"elementor-widget-wrap elementor-element-populated\">\n\t\t\t\t\t\t<div class=\"elementor-element elementor-element-6478841 elementor-widget elementor-widget-text-editor\" data-id=\"6478841\" data-element_type=\"widget\" data-widget_type=\"text-editor.default\">\n\t\t\t\t<div class=\"elementor-widget-container\">\n\t\t\t\t\t\t\t<p>Jinekomasti erkeklerde meme b\u00fcy\u00fcmesi olarak adland\u0131r\u0131lmaktad\u0131r. Bu durum asl\u0131nda \u00e7ok s\u0131k rastlanan bir durumdur.\u00a0 Meme b\u00fcy\u00fcmesinin sebepleri; hormonsal problemler, ergenlik, tiroit hastal\u0131klar\u0131, karaci\u011fer rahats\u0131zl\u0131klar\u0131, ya\u015fl\u0131l\u0131k, fazlaca alkol kullan\u0131m\u0131 ve kullan\u0131lan baz\u0131 ila\u00e7lard\u0131r. Erkek meme dokusunun kad\u0131n memesinden hi\u00e7bir fark\u0131 yoktur. \u0130\u00e7erisinde s\u00fct sentezleyen bezler, kanallar ve ya\u011f dokusu bulunmaktad\u0131r. Erkeklerde g\u00f6r\u00fclen jinekomasti yani meme b\u00fcy\u00fcmesi farkl\u0131 \u015fekillerde meydana gelmektedir. Yaln\u0131zca meme dokusunun artmas\u0131yla ilgili olarak, sadece ya\u011f dokusunun artmas\u0131yla ilgili olarak veya da hem meme hem ya\u011f dokusunun artmas\u0131yla ilgili olarak kendini g\u00f6stermektedir. Jinekomasti hastalar\u0131n\u0131n \u00e7o\u011funda hi\u00e7bir sebep yokken meme b\u00fcy\u00fcmesi ortaya \u00e7\u0131kmaktad\u0131r. Meme b\u00fcy\u00fcmesinin sa\u011fl\u0131k a\u00e7\u0131s\u0131ndan hi\u00e7bir zarar\u0131 yoktur. Yaln\u0131zca erkeklerde olu\u015fan sosyal ve psikolojik bir durum s\u00f6z konusudur. \u00d6zellikle de ki\u015fi ergenlik \u00e7a\u011f\u0131nda ise bu problem onun i\u00e7in daha da b\u00fcy\u00fck sorunlara yol a\u00e7acakt\u0131r. Bu sebeple hemen m\u00fcdahale edilmeli ve ki\u015finin psikolojisi kontrol alt\u0131na al\u0131nmal\u0131d\u0131r.<\/p><h6>Meme b\u00fcy\u00fcmesi i\u00e7in ameliyat gerekli mi?<\/h6><p><img fetchpriority=\"high\" decoding=\"async\" class=\"alignright size-full wp-image-378\" src=\"http:\/\/reaxion.website\/asia\/wp-content\/uploads\/2020\/07\/jinekomasti-1.png\" alt=\"\" width=\"300\" height=\"268\" \/>Jinekomasti ameliyat\u0131n\u0131 bu durum herhangi bir hastal\u0131\u011f\u0131n nedeniyle olu\u015fmuyorsa ve ergenlik d\u00f6neminde de\u011filseniz cerrahi bir m\u00fcdahale gerekli olacakt\u0131r. Jinekomasti genellikle estetik a\u00e7\u0131dan rahats\u0131zl\u0131k ve psikolojik sorunlar olu\u015fturur. Bu sebeple de hastan\u0131n bu ameliyat\u0131 yapt\u0131rabilecek durumu yok ise jinekomasti atletlerini kullanmas\u0131 tavsiye edilmektedir. Jinekomasti atletleri t\u0131pk\u0131 kad\u0131nlar\u0131n kulland\u0131\u011f\u0131 korseler gibi memenizdeki fazlal\u0131\u011f\u0131 gizlemektedir.<\/p><h6>Jinekomasti ameliyat\u0131nda ya\u015f s\u0131n\u0131r\u0131 var m\u0131?<\/h6><p>Jinekomasti ameliyatlar\u0131nda belirli bir ya\u015f s\u0131n\u0131r\u0131 olmamas\u0131na kar\u015f\u0131n hasta ergenlik d\u00f6neminde ise \u00f6ncelikle beklemesini tavsiye etmekteyiz. \u00c7\u00fcnk\u00fc ergenlik d\u00f6neminde g\u00f6r\u00fclen meme b\u00fcy\u00fcmesinin bu d\u00f6nemden sonra kendili\u011finden ge\u00e7ti\u011fi g\u00f6zlemlenmi\u015ftir. Ergenlik d\u00f6nemi bittikten sonra bu ameliyat rahatl\u0131kla yap\u0131labilir. Ki\u015fiye ilk olarak gerekli tahlilleri yapt\u0131rmal\u0131 ve ard\u0131ndan vakit kaybedilmeden jinekomasti yap\u0131lmal\u0131d\u0131r. Bu sayede psikolojik sorunlar olu\u015fmadan meme b\u00fcy\u00fcmesinin de \u00f6n\u00fcne ge\u00e7ilmi\u015f olacakt\u0131r.<\/p><h6>Jinekomasti ameliyat\u0131ndan sonra v\u00fccudumda iz kalacak m\u0131?<\/h6><p>Meme b\u00fcy\u00fcmesinin sebebi b\u00f6lgedeki ya\u011f\u0131n art\u0131\u015f\u0131 ise bu problem liposuction ile \u00e7\u00f6z\u00fclebilir. Liposuction i\u015flemi k\u00fc\u00e7\u00fck delikler a\u00e7\u0131larak yap\u0131ld\u0131\u011f\u0131 i\u00e7in ameliyat izi olu\u015fmayacakt\u0131r. Fakat meme b\u00fcy\u00fcmesinin sebebi memelerdeki bez dokusundaki b\u00fcy\u00fcmeden kaynaklan\u0131yor ise meme ba\u015f\u0131n\u0131n alt\u0131ndan yap\u0131lacak olan kesikle fazla olan doku al\u0131nmal\u0131d\u0131r. Bu b\u00f6lgede koyu renkli b\u00f6l\u00fcm\u00fcn alt\u0131ndan a\u00e7\u0131laca\u011f\u0131 i\u00e7in izler dikkat \u00e7ekmeyecek ve zamanla silikle\u015fecektir.<\/p><h6>Jinekomasti ameliyat\u0131 ne kadar s\u00fcrer? Ameliyattan sonra \u00e7ok a\u011fr\u0131 hisseder miyim?<\/h6><p>Jinekomasti yani meme k\u00fc\u00e7\u00fcltme ameliyat\u0131 sedasyon anestezi veya genel anestezi ile beraber yap\u0131lmaktad\u0131r. \u00c7o\u011funlukla sedasyon anestezi tercih edilerek yap\u0131lan ameliyatlardan sonra hasta ayn\u0131 g\u00fcn evine gidebilir. Jinekomasti ameliyatlar\u0131n\u0131n s\u00fcresi memenin b\u00fcy\u00fckl\u00fc\u011f\u00fcne ve hangi y\u00f6ntemle yap\u0131ld\u0131\u011f\u0131yla ilgili olarak yar\u0131m saat ile bir saat aras\u0131nda de\u011fi\u015fmektedir. Ameliyat\u0131n ard\u0131ndan dokular\u0131n alt\u0131na verilen anesteziler yard\u0131m\u0131 ile hi\u00e7 a\u011fr\u0131 hissetmezsiniz. Fakat bir iki g\u00fcn sonras\u0131nda hafif a\u011fr\u0131lar hissedebilirsiniz. Bu son derece normal bir durumdur. Genellikle doktorlar taraf\u0131ndan jinekomasti ameliyat\u0131ndan sonra bir ay kadar korse giymeleri tavsiye edilmektedir. Bunun sebebi de meme dokusunun yeni yerine daha iyi yap\u0131\u015fmas\u0131n\u0131n ve o b\u00f6lgenin s\u0131k\u0131la\u015fmas\u0131n\u0131n sa\u011flanmas\u0131d\u0131r.<\/p><h6>Jinekomasti ameliyat\u0131ndan sonra ki sonu\u00e7 kal\u0131c\u0131 olur mu? Meme tekrar b\u00fcy\u00fcr m\u00fc?<\/h6><p>Erkeklerde meme k\u00fc\u00e7\u00fcltme ameliyat\u0131nda ki sonucun kal\u0131c\u0131 olmas\u0131 i\u00e7in kilo art\u0131\u015f\u0131n\u0131n korunmas\u0131 gerekmektedir. Herhangi bir kilo art\u0131\u015f\u0131 g\u00f6r\u00fclmez ise ya\u011f dokular\u0131 bu b\u00f6lgeden tamamen al\u0131naca\u011f\u0131 i\u00e7in tekrar b\u00fcy\u00fcme g\u00f6r\u00fclmeyecektir. K\u0131sacas\u0131 jinekomasti ameliyat\u0131ndan sonra meme b\u00fcy\u00fcmesi olay\u0131ndan tamamen kurtulmu\u015f olacaks\u0131n\u0131z.<\/p>\t\t\t\t\t\t<\/div>\n\t\t\t\t<\/div>\n\t\t\t\t\t<\/div>\n\t\t<\/div>\n\t\t\t\t\t<\/div>\n\t\t<\/section>\n\t\t\t\t<\/div>\n\t\t","protected":false},"excerpt":{"rendered":"<p>Jinekomasti erkeklerde meme b\u00fcy\u00fcmesi olarak adland\u0131r\u0131lmaktad\u0131r. Bu durum asl\u0131nda \u00e7ok s\u0131k rastlanan bir durumdur.\u00a0 Meme b\u00fcy\u00fcmesinin sebepleri; hormonsal problemler, ergenlik, tiroit hastal\u0131klar\u0131, karaci\u011fer rahats\u0131zl\u0131klar\u0131, ya\u015fl\u0131l\u0131k, fazlaca alkol kullan\u0131m\u0131 ve kullan\u0131lan baz\u0131 ila\u00e7lard\u0131r. Erkek meme dokusunun kad\u0131n memesinden hi\u00e7bir fark\u0131 yoktur. [&hellip;]<\/p>\n","protected":false},"author":1,"featured_media":0,"parent":0,"menu_order":0,"comment_status":"closed","ping_status":"closed","template":"","meta":{"footnotes":""},"_links":{"self":[{"href":"https:\/\/asiaesthetic.com\/tr\/wp-json\/wp\/v2\/pages\/87"}],"collection":[{"href":"https:\/\/asiaesthetic.com\/tr\/wp-json\/wp\/v2\/pages"}],"about":[{"href":"https:\/\/asiaesthetic.com\/tr\/wp-json\/wp\/v2\/types\/page"}],"author":[{"embeddable":true,"href":"https:\/\/asiaesthetic.com\/tr\/wp-json\/wp\/v2\/users\/1"}],"replies":[{"embeddable":true,"href":"https:\/\/asiaesthetic.com\/tr\/wp-json\/wp\/v2\/comments?post=87"}],"version-history":[{"count":4,"href":"https:\/\/asiaesthetic.com\/tr\/wp-json\/wp\/v2\/pages\/87\/revisions"}],"predecessor-version":[{"id":382,"href":"https:\/\/asiaesthetic.com\/tr\/wp-json\/wp\/v2\/pages\/87\/revisions\/382"}],"wp:attachment":[{"href":"https:\/\/asiaesthetic.com\/tr\/wp-json\/wp\/v2\/media?parent=87"}],"curies":[{"name":"wp","href":"https:\/\/api.w.org\/{rel}","templated":true}]}}